{"id":2105,"date":"2020-03-23T12:44:15","date_gmt":"2020-03-23T12:44:15","guid":{"rendered":"https:\/\/www.sopa.si\/\/how-to-join\/"},"modified":"2020-03-23T13:12:33","modified_gmt":"2020-03-23T13:12:33","slug":"hogyan-csatlakozhat","status":"publish","type":"page","link":"https:\/\/sopa.si\/hu\/sopa\/hogyan-csatlakozhat\/","title":{"rendered":"Hogyan csatlakozhat"},"content":{"rendered":"<p>A SOPA aktivit\u00e1sainak kivitelez\u00e9s\u00e9hez \u00e9s c\u00e9lkit\u0171z\u00e9seinek el\u00e9r\u00e9s\u00e9hez valamennyien hozz\u00e1j\u00e1rulhatunk. K\u00f6vess\u00e9k az esem\u00e9nyeket, amelyeket lak\u00f3hely\u00fck k\u00f6zel\u00e9ben fogunk szervezni. Tegyenek fel k\u00e9rd\u00e9seket, olvass\u00e1k el a t\u00e1j\u00e9koztat\u00f3 jelleg\u0171 anyagunkat \u00e9s b\u00e1rmikor l\u00e9pjenek vel\u00fcnk kapcsolatba honlapunkon vagy a terepen. De minden egy\u00e9n saj\u00e1t maga is sokat tehet, ha tudatos\u00edtja a probl\u00e9m\u00e1t, terjeszti a megold\u00e1sainkat hozz\u00e1tartoz\u00f3i k\u00f6r\u00e9ben \u00e9s a k\u00f6rnyezet\u00e9ben.<\/p>\n","protected":false},"excerpt":{"rendered":"<p>A SOPA aktivit\u00e1sainak kivitelez\u00e9s\u00e9hez \u00e9s c\u00e9lkit\u0171z\u00e9seinek el\u00e9r\u00e9s\u00e9hez valamennyien hozz\u00e1j\u00e1rulhatunk. K\u00f6vess\u00e9k az esem\u00e9nyeket, amelyeket lak\u00f3hely\u00fck k\u00f6zel\u00e9ben fogunk szervezni. Tegyenek fel k\u00e9rd\u00e9seket, olvass\u00e1k el a t\u00e1j\u00e9koztat\u00f3 jelleg\u0171 anyagunkat \u00e9s b\u00e1rmikor l\u00e9pjenek vel\u00fcnk kapcsolatba honlapunkon vagy a terepen. De minden egy\u00e9n saj\u00e1t maga is sokat tehet, ha tudatos\u00edtja a probl\u00e9m\u00e1t, terjeszti a megold\u00e1sainkat hozz\u00e1tartoz\u00f3i k\u00f6r\u00e9ben \u00e9s a k\u00f6rnyezet\u00e9ben.<\/p>\n","protected":false},"author":10,"featured_media":0,"parent":2126,"menu_order":6,"comment_status":"closed","ping_status":"closed","template":"","meta":{"_acf_changed":false,"footnotes":""},"class_list":["post-2105","page","type-page","status-publish","hentry"],"acf":[],"yoast_head":"<!-- This site is optimized with the Yoast SEO plugin v24.5 - https:\/\/yoast.com\/wordpress\/plugins\/seo\/ -->\n<title>Hogyan csatlakozhat &#187; Sopa<\/title>\n<meta name=\"robots\" content=\"index, follow, max-snippet:-1, max-image-preview:large, max-video-preview:-1\" \/>\n<link rel=\"canonical\" href=\"https:\/\/sopa.si\/hu\/sopa\/hogyan-csatlakozhat\/\" \/>\n<meta property=\"og:locale\" content=\"hu_HU\" \/>\n<meta property=\"og:type\" content=\"article\" \/>\n<meta property=\"og:title\" content=\"Hogyan csatlakozhat &#187; Sopa\" \/>\n<meta property=\"og:description\" content=\"A SOPA aktivit\u00e1sainak kivitelez\u00e9s\u00e9hez \u00e9s c\u00e9lkit\u0171z\u00e9seinek el\u00e9r\u00e9s\u00e9hez valamennyien hozz\u00e1j\u00e1rulhatunk. K\u00f6vess\u00e9k az esem\u00e9nyeket, amelyeket lak\u00f3hely\u00fck k\u00f6zel\u00e9ben fogunk szervezni. Tegyenek fel k\u00e9rd\u00e9seket, olvass\u00e1k el a t\u00e1j\u00e9koztat\u00f3 jelleg\u0171 anyagunkat \u00e9s b\u00e1rmikor l\u00e9pjenek vel\u00fcnk kapcsolatba honlapunkon vagy a terepen. De minden egy\u00e9n saj\u00e1t maga is sokat tehet, ha tudatos\u00edtja a probl\u00e9m\u00e1t, terjeszti a megold\u00e1sainkat hozz\u00e1tartoz\u00f3i k\u00f6r\u00e9ben \u00e9s a k\u00f6rnyezet\u00e9ben.\" \/>\n<meta property=\"og:url\" content=\"https:\/\/sopa.si\/hu\/sopa\/hogyan-csatlakozhat\/\" \/>\n<meta property=\"og:site_name\" content=\"Sopa\" \/>\n<meta property=\"article:modified_time\" content=\"2020-03-23T13:12:33+00:00\" \/>\n<meta name=\"twitter:card\" content=\"summary_large_image\" \/>\n<script type=\"application\/ld+json\" class=\"yoast-schema-graph\">{\"@context\":\"https:\/\/schema.org\",\"@graph\":[{\"@type\":\"WebPage\",\"@id\":\"https:\/\/sopa.si\/hu\/sopa\/hogyan-csatlakozhat\/\",\"url\":\"https:\/\/sopa.si\/hu\/sopa\/hogyan-csatlakozhat\/\",\"name\":\"Hogyan csatlakozhat &#187; Sopa\",\"isPartOf\":{\"@id\":\"https:\/\/sopa.si\/hu\/#website\"},\"datePublished\":\"2020-03-23T12:44:15+00:00\",\"dateModified\":\"2020-03-23T13:12:33+00:00\",\"breadcrumb\":{\"@id\":\"https:\/\/sopa.si\/hu\/sopa\/hogyan-csatlakozhat\/#breadcrumb\"},\"inLanguage\":\"hu\",\"potentialAction\":[{\"@type\":\"ReadAction\",\"target\":[\"https:\/\/sopa.si\/hu\/sopa\/hogyan-csatlakozhat\/\"]}]},{\"@type\":\"BreadcrumbList\",\"@id\":\"https:\/\/sopa.si\/hu\/sopa\/hogyan-csatlakozhat\/#breadcrumb\",\"itemListElement\":[{\"@type\":\"ListItem\",\"position\":1,\"name\":\"Domov\",\"item\":\"https:\/\/sopa.si\/hu\/\"},{\"@type\":\"ListItem\",\"position\":2,\"name\":\"Sopa\",\"item\":\"https:\/\/sopa.si\/hu\/sopa\/\"},{\"@type\":\"ListItem\",\"position\":3,\"name\":\"Hogyan csatlakozhat\"}]},{\"@type\":\"WebSite\",\"@id\":\"https:\/\/sopa.si\/hu\/#website\",\"url\":\"https:\/\/sopa.si\/hu\/\",\"name\":\"Sopa\",\"description\":\"Just another WordPress site\",\"potentialAction\":[{\"@type\":\"SearchAction\",\"target\":{\"@type\":\"EntryPoint\",\"urlTemplate\":\"https:\/\/sopa.si\/hu\/?s={search_term_string}\"},\"query-input\":{\"@type\":\"PropertyValueSpecification\",\"valueRequired\":true,\"valueName\":\"search_term_string\"}}],\"inLanguage\":\"hu\"}]}<\/script>\n<!-- \/ Yoast SEO plugin. -->","yoast_head_json":{"title":"Hogyan csatlakozhat &#187; Sopa","robots":{"index":"index","follow":"follow","max-snippet":"max-snippet:-1","max-image-preview":"max-image-preview:large","max-video-preview":"max-video-preview:-1"},"canonical":"https:\/\/sopa.si\/hu\/sopa\/hogyan-csatlakozhat\/","og_locale":"hu_HU","og_type":"article","og_title":"Hogyan csatlakozhat &#187; Sopa","og_description":"A SOPA aktivit\u00e1sainak kivitelez\u00e9s\u00e9hez \u00e9s c\u00e9lkit\u0171z\u00e9seinek el\u00e9r\u00e9s\u00e9hez valamennyien hozz\u00e1j\u00e1rulhatunk. K\u00f6vess\u00e9k az esem\u00e9nyeket, amelyeket lak\u00f3hely\u00fck k\u00f6zel\u00e9ben fogunk szervezni. Tegyenek fel k\u00e9rd\u00e9seket, olvass\u00e1k el a t\u00e1j\u00e9koztat\u00f3 jelleg\u0171 anyagunkat \u00e9s b\u00e1rmikor l\u00e9pjenek vel\u00fcnk kapcsolatba honlapunkon vagy a terepen. De minden egy\u00e9n saj\u00e1t maga is sokat tehet, ha tudatos\u00edtja a probl\u00e9m\u00e1t, terjeszti a megold\u00e1sainkat hozz\u00e1tartoz\u00f3i k\u00f6r\u00e9ben \u00e9s a k\u00f6rnyezet\u00e9ben.","og_url":"https:\/\/sopa.si\/hu\/sopa\/hogyan-csatlakozhat\/","og_site_name":"Sopa","article_modified_time":"2020-03-23T13:12:33+00:00","twitter_card":"summary_large_image","schema":{"@context":"https:\/\/schema.org","@graph":[{"@type":"WebPage","@id":"https:\/\/sopa.si\/hu\/sopa\/hogyan-csatlakozhat\/","url":"https:\/\/sopa.si\/hu\/sopa\/hogyan-csatlakozhat\/","name":"Hogyan csatlakozhat &#187; Sopa","isPartOf":{"@id":"https:\/\/sopa.si\/hu\/#website"},"datePublished":"2020-03-23T12:44:15+00:00","dateModified":"2020-03-23T13:12:33+00:00","breadcrumb":{"@id":"https:\/\/sopa.si\/hu\/sopa\/hogyan-csatlakozhat\/#breadcrumb"},"inLanguage":"hu","potentialAction":[{"@type":"ReadAction","target":["https:\/\/sopa.si\/hu\/sopa\/hogyan-csatlakozhat\/"]}]},{"@type":"BreadcrumbList","@id":"https:\/\/sopa.si\/hu\/sopa\/hogyan-csatlakozhat\/#breadcrumb","itemListElement":[{"@type":"ListItem","position":1,"name":"Domov","item":"https:\/\/sopa.si\/hu\/"},{"@type":"ListItem","position":2,"name":"Sopa","item":"https:\/\/sopa.si\/hu\/sopa\/"},{"@type":"ListItem","position":3,"name":"Hogyan csatlakozhat"}]},{"@type":"WebSite","@id":"https:\/\/sopa.si\/hu\/#website","url":"https:\/\/sopa.si\/hu\/","name":"Sopa","description":"Just another WordPress site","potentialAction":[{"@type":"SearchAction","target":{"@type":"EntryPoint","urlTemplate":"https:\/\/sopa.si\/hu\/?s={search_term_string}"},"query-input":{"@type":"PropertyValueSpecification","valueRequired":true,"valueName":"search_term_string"}}],"inLanguage":"hu"}]}},"_links":{"self":[{"href":"https:\/\/sopa.si\/hu\/wp-json\/wp\/v2\/pages\/2105","targetHints":{"allow":["GET"]}}],"collection":[{"href":"https:\/\/sopa.si\/hu\/wp-json\/wp\/v2\/pages"}],"about":[{"href":"https:\/\/sopa.si\/hu\/wp-json\/wp\/v2\/types\/page"}],"author":[{"embeddable":true,"href":"https:\/\/sopa.si\/hu\/wp-json\/wp\/v2\/users\/10"}],"replies":[{"embeddable":true,"href":"https:\/\/sopa.si\/hu\/wp-json\/wp\/v2\/comments?post=2105"}],"version-history":[{"count":1,"href":"https:\/\/sopa.si\/hu\/wp-json\/wp\/v2\/pages\/2105\/revisions"}],"predecessor-version":[{"id":2204,"href":"https:\/\/sopa.si\/hu\/wp-json\/wp\/v2\/pages\/2105\/revisions\/2204"}],"up":[{"embeddable":true,"href":"https:\/\/sopa.si\/hu\/wp-json\/wp\/v2\/pages\/2126"}],"wp:attachment":[{"href":"https:\/\/sopa.si\/hu\/wp-json\/wp\/v2\/media?parent=2105"}],"curies":[{"name":"wp","href":"https:\/\/api.w.org\/{rel}","templated":true}]}}