{"id":2107,"date":"2020-03-23T12:43:57","date_gmt":"2020-03-23T12:43:57","guid":{"rendered":"https:\/\/www.sopa.si\/\/three-brief-actions\/"},"modified":"2020-03-23T13:12:19","modified_gmt":"2020-03-23T13:12:19","slug":"harom-rovid-cselekves","status":"publish","type":"page","link":"https:\/\/sopa.si\/hu\/sopa\/harom-rovid-cselekves\/","title":{"rendered":"H\u00e1rom r\u00f6vid cselekv\u00e9s"},"content":{"rendered":"<p>Az egy\u00e9neket, akik nagy m\u00e9rt\u00e9kben fogyasztanak alkoholt, h\u00e1rom r\u00f6vid int\u00e9zked\u00e9s seg\u00edts\u00e9g\u00e9vel k\u00f6zel\u00edtj\u00fck meg.<\/p>\n<ul>\n<li>Az 1. r\u00f6vid int\u00e9zked\u00e9s elm\u00e9ly\u00fclten foglalkozik az egy\u00e9nnel, aki k\u00e1rosan \u00e9s kock\u00e1zatosan fogyaszt alkoholt. A k\u00e1ros \u00e9s kock\u00e1zatos alkoholfogyaszt\u00f3k felkutat\u00e1s\u00e1t c\u00e9lozza meg \u00e9s t\u00e1mogat\u00e1st biztos\u00edt tan\u00e1csad\u00e1s form\u00e1j\u00e1ban a t\u00falzott alkoholfogyaszt\u00e1s felhagy\u00e1s\u00e1val kapcsolatban. Az it\u00e9zked\u00e9s a projektben k\u00f6zrem\u0171k\u00f6d\u0151 eg\u00e9szs\u00e9gh\u00e1zak \u00e9s szoci\u00e1lis munkak\u00f6zpontok keret\u00e9ben val\u00f3sul meg 18 helyi k\u00f6rnyezetben Szlov\u00e9nia szerte.<\/li>\n<li>A 2. r\u00f6vid int\u00e9zked\u00e9s a t\u00falzott alkoholfogyaszt\u00e1s k\u00e1ros hat\u00e1sair\u00f3l sz\u00f3l\u00f3 t\u00e1j\u00e9koztat\u00e1sra ir\u00e1nyul, a p\u00e1cienseket a seg\u00edts\u00e9gny\u00fajt\u00e1si forr\u00e1sokhoz ir\u00e1ny\u00edtjuk. Ez\u00e9rt az eg\u00e9szs\u00e9g\u00fcgyi dolgoz\u00f3knak is t\u00e1j\u00e9koztat\u00e1st k\u00edv\u00e1nunk ny\u00fajtani. \u0150k ugyanis naponta tal\u00e1lkoznak olyan p\u00e1ciensekkel, akik k\u00e1rosan \u00e9s kock\u00e1zatosan fogyasztanak alkoholt.<\/li>\n<li>A 3. r\u00f6vid int\u00e9zked\u00e9s azon megk\u00f6zel\u00edt\u00e9st c\u00e9lozza meg, amely a civil szervezetek \u00e9s a SzK Foglalkoztat\u00e1si Int\u00e9zete keret\u00e9ben t\u00f6rt\u00e9nik.\u00a0 Az egy\u00e9nek t\u00e1j\u00e9koztat\u00e1s\u00e1n \u00e9s ir\u00e1ny\u00edt\u00e1s\u00e1n alapul, t\u00e1j\u00e9koztat\u00f3 anyag sz\u00e9toszt\u00e1s\u00e1val, tov\u00e1bbk\u00e9pz\u00e9sek\/m\u0171helyek szervez\u00e9s\u00e9vel az eg\u00e9szs\u00e9ges \u00e9letvitel t\u00e9mak\u00f6r\u00e9ben. Az egy\u00e9neket, akik seg\u00edts\u00e9gre szorulnak az alkohol elhagy\u00e1s\u00e1ban, szakemberekhez ir\u00e1ny\u00edtja, akik elm\u00e9ly\u00fclten foglalkoznak vel\u00fck.<\/li>\n<\/ul>\n<ol>\n<li>r\u00f6vid int\u00e9zked\u00e9s \u2013 egy\u00e9nyi szinten folytatott elm\u00e9ly\u00fclt besz\u00e9lget\u00e9s.<\/li>\n<li>r\u00f6vid int\u00e9zked\u00e9s \u2013 r\u00f6vid tan\u00e1csad\u00e1s: az egy\u00e9n t\u00e1j\u00e9koztat\u00e1sa \u00e9s ir\u00e1ny\u00edt\u00e1sa.<\/li>\n<li>r\u00f6vid int\u00e9zked\u00e9s \u2013 az egy\u00e9nek \u00e9s a nyilv\u00e1noss\u00e1g t\u00e1j\u00e9koztat\u00e1sa.<\/li>\n<\/ol>\n<p><img loading=\"lazy\" decoding=\"async\" class=\"alignnone size-full wp-image-2199\" src=\"https:\/\/www.sopa.si\/\/wp-content\/uploads\/2020\/03\/actions-hu.jpg\" alt=\"\" width=\"687\" height=\"390\" srcset=\"https:\/\/sopa.si\/wp-content\/uploads\/2020\/03\/actions-hu.jpg 687w, https:\/\/sopa.si\/wp-content\/uploads\/2020\/03\/actions-hu-300x170.jpg 300w\" sizes=\"auto, (max-width: 687px) 100vw, 687px\" \/><\/p>\n<h2>Kik a r\u00f6vid int\u00e9zked\u00e9sek kivitelez\u0151i?<\/h2>\n<ol>\n<li>r\u00f6vid int\u00e9zked\u00e9s: \u00e1ltal\u00e1nos orvos, \u00fczemorvos, okleveles \u00e1pol\u00f3\/n\u0151 az \u00e1ltal\u00e1nos orvosi rendel\u0151ben\/okleveles \u00e1pol\u00f3 a patron\u00e1zsi szolg\u00e1latban, individu\u00e1lis tan\u00e1csad\u00f3 eg\u00e9szs\u00e9g\u00fcgyi \u00e9s nevel\u00e9si, illetve eg\u00e9szs\u00e9gfejleszt\u00e9si k\u00f6zpontokban, m\u0171helymunka kivitelez\u0151je az eg\u00e9szs\u00e9g\u00fcgyi \u00e9s nevel\u00e9si, illetve eg\u00e9szs\u00e9gfejleszt\u00e9si k\u00f6zpontokban, szakmunkat\u00e1rs a munka\u00fcgyi k\u00f6zpontokban.<\/li>\n<li>r\u00f6vid int\u00e9zked\u00e9s: n\u0151gy\u00f3gy\u00e1sz \u00e9s sz\u00fcl\u00e9szeti specialista, kardiol\u00f3gus specialista, s\u00fcrg\u0151ss\u00e9gi rendel\u0151ben, ill. transzf\u00fazi\u00f3s k\u00f6zpontban alkalmazott eg\u00e9szs\u00e9g\u00fcgyi szakemberek, fogorvosok, onkol\u00f3gus specialista, gasztroenterol\u00f3gus specialista, f\u00fcl-orr g\u00e9g\u00e9sz specialista.<\/li>\n<li>r\u00f6vid int\u00e9zked\u00e9s: civil szervezetek, amelyek k\u00fcl\u00f6nb\u00f6z\u0151 ter\u00fcleteken m\u0171k\u00f6dnek \u00e9s s\u00e9r\u00fcl\u00e9keny csoportokkal foglalkoz\u00f3 programokat is k\u00e9sz\u00edtenek. A SzK Foglalkoztat\u00e1si Int\u00e9zete a SOPA megk\u00f6zel\u00edt\u00e9s kivitelez\u00e9s\u00e9be az \u00e9letp\u00e1lya tervez\u00e9s, foglalkoztat\u00e1s \u00e9s munkan\u00e9lk\u00fclis\u00e9g ter\u00fclet\u00e9n m\u0171k\u00f6d\u0151 szakembereivel kapcsol\u00f3dik be.<\/li>\n<\/ol>\n","protected":false},"excerpt":{"rendered":"<p>Az egy\u00e9neket, akik nagy m\u00e9rt\u00e9kben fogyasztanak alkoholt, h\u00e1rom r\u00f6vid int\u00e9zked\u00e9s seg\u00edts\u00e9g\u00e9vel k\u00f6zel\u00edtj\u00fck meg. Az 1. r\u00f6vid int\u00e9zked\u00e9s elm\u00e9ly\u00fclten foglalkozik az egy\u00e9nnel, aki k\u00e1rosan \u00e9s kock\u00e1zatosan fogyaszt alkoholt. A k\u00e1ros \u00e9s kock\u00e1zatos alkoholfogyaszt\u00f3k felkutat\u00e1s\u00e1t c\u00e9lozza meg \u00e9s t\u00e1mogat\u00e1st biztos\u00edt tan\u00e1csad\u00e1s form\u00e1j\u00e1ban a t\u00falzott alkoholfogyaszt\u00e1s felhagy\u00e1s\u00e1val kapcsolatban. Az it\u00e9zked\u00e9s a projektben k\u00f6zrem\u0171k\u00f6d\u0151 eg\u00e9szs\u00e9gh\u00e1zak \u00e9s szoci\u00e1lis munkak\u00f6zpontok keret\u00e9ben [&hellip;]<\/p>\n","protected":false},"author":10,"featured_media":0,"parent":2126,"menu_order":1,"comment_status":"closed","ping_status":"closed","template":"","meta":{"_acf_changed":false,"footnotes":""},"class_list":["post-2107","page","type-page","status-publish","hentry"],"acf":[],"yoast_head":"<!-- This site is optimized with the Yoast SEO plugin v24.5 - https:\/\/yoast.com\/wordpress\/plugins\/seo\/ -->\n<title>H\u00e1rom r\u00f6vid cselekv\u00e9s &#187; Sopa<\/title>\n<meta name=\"robots\" content=\"index, follow, max-snippet:-1, max-image-preview:large, max-video-preview:-1\" \/>\n<link rel=\"canonical\" href=\"https:\/\/sopa.si\/hu\/sopa\/harom-rovid-cselekves\/\" \/>\n<meta property=\"og:locale\" content=\"hu_HU\" \/>\n<meta property=\"og:type\" content=\"article\" \/>\n<meta property=\"og:title\" content=\"H\u00e1rom r\u00f6vid cselekv\u00e9s &#187; Sopa\" \/>\n<meta property=\"og:description\" content=\"Az egy\u00e9neket, akik nagy m\u00e9rt\u00e9kben fogyasztanak alkoholt, h\u00e1rom r\u00f6vid int\u00e9zked\u00e9s seg\u00edts\u00e9g\u00e9vel k\u00f6zel\u00edtj\u00fck meg. Az 1. r\u00f6vid int\u00e9zked\u00e9s elm\u00e9ly\u00fclten foglalkozik az egy\u00e9nnel, aki k\u00e1rosan \u00e9s kock\u00e1zatosan fogyaszt alkoholt. A k\u00e1ros \u00e9s kock\u00e1zatos alkoholfogyaszt\u00f3k felkutat\u00e1s\u00e1t c\u00e9lozza meg \u00e9s t\u00e1mogat\u00e1st biztos\u00edt tan\u00e1csad\u00e1s form\u00e1j\u00e1ban a t\u00falzott alkoholfogyaszt\u00e1s felhagy\u00e1s\u00e1val kapcsolatban. Az it\u00e9zked\u00e9s a projektben k\u00f6zrem\u0171k\u00f6d\u0151 eg\u00e9szs\u00e9gh\u00e1zak \u00e9s szoci\u00e1lis munkak\u00f6zpontok keret\u00e9ben [&hellip;]\" \/>\n<meta property=\"og:url\" content=\"https:\/\/sopa.si\/hu\/sopa\/harom-rovid-cselekves\/\" \/>\n<meta property=\"og:site_name\" content=\"Sopa\" \/>\n<meta property=\"article:modified_time\" content=\"2020-03-23T13:12:19+00:00\" \/>\n<meta property=\"og:image\" content=\"https:\/\/www.sopa.si\/\/wp-content\/uploads\/2020\/03\/actions-hu.jpg\" \/>\n<meta name=\"twitter:card\" content=\"summary_large_image\" \/>\n<meta name=\"twitter:label1\" content=\"Becs\u00fclt olvas\u00e1si id\u0151\" \/>\n\t<meta name=\"twitter:data1\" content=\"3 perc\" \/>\n<script type=\"application\/ld+json\" class=\"yoast-schema-graph\">{\"@context\":\"https:\/\/schema.org\",\"@graph\":[{\"@type\":\"WebPage\",\"@id\":\"https:\/\/sopa.si\/hu\/sopa\/harom-rovid-cselekves\/\",\"url\":\"https:\/\/sopa.si\/hu\/sopa\/harom-rovid-cselekves\/\",\"name\":\"H\u00e1rom r\u00f6vid cselekv\u00e9s &#187; Sopa\",\"isPartOf\":{\"@id\":\"https:\/\/sopa.si\/hu\/#website\"},\"primaryImageOfPage\":{\"@id\":\"https:\/\/sopa.si\/hu\/sopa\/harom-rovid-cselekves\/#primaryimage\"},\"image\":{\"@id\":\"https:\/\/sopa.si\/hu\/sopa\/harom-rovid-cselekves\/#primaryimage\"},\"thumbnailUrl\":\"https:\/\/www.sopa.si\/\/wp-content\/uploads\/2020\/03\/actions-hu.jpg\",\"datePublished\":\"2020-03-23T12:43:57+00:00\",\"dateModified\":\"2020-03-23T13:12:19+00:00\",\"breadcrumb\":{\"@id\":\"https:\/\/sopa.si\/hu\/sopa\/harom-rovid-cselekves\/#breadcrumb\"},\"inLanguage\":\"hu\",\"potentialAction\":[{\"@type\":\"ReadAction\",\"target\":[\"https:\/\/sopa.si\/hu\/sopa\/harom-rovid-cselekves\/\"]}]},{\"@type\":\"ImageObject\",\"inLanguage\":\"hu\",\"@id\":\"https:\/\/sopa.si\/hu\/sopa\/harom-rovid-cselekves\/#primaryimage\",\"url\":\"https:\/\/www.sopa.si\/\/wp-content\/uploads\/2020\/03\/actions-hu.jpg\",\"contentUrl\":\"https:\/\/www.sopa.si\/\/wp-content\/uploads\/2020\/03\/actions-hu.jpg\"},{\"@type\":\"BreadcrumbList\",\"@id\":\"https:\/\/sopa.si\/hu\/sopa\/harom-rovid-cselekves\/#breadcrumb\",\"itemListElement\":[{\"@type\":\"ListItem\",\"position\":1,\"name\":\"Domov\",\"item\":\"https:\/\/sopa.si\/hu\/\"},{\"@type\":\"ListItem\",\"position\":2,\"name\":\"Sopa\",\"item\":\"https:\/\/sopa.si\/hu\/sopa\/\"},{\"@type\":\"ListItem\",\"position\":3,\"name\":\"H\u00e1rom r\u00f6vid cselekv\u00e9s\"}]},{\"@type\":\"WebSite\",\"@id\":\"https:\/\/sopa.si\/hu\/#website\",\"url\":\"https:\/\/sopa.si\/hu\/\",\"name\":\"Sopa\",\"description\":\"Just another WordPress site\",\"potentialAction\":[{\"@type\":\"SearchAction\",\"target\":{\"@type\":\"EntryPoint\",\"urlTemplate\":\"https:\/\/sopa.si\/hu\/?s={search_term_string}\"},\"query-input\":{\"@type\":\"PropertyValueSpecification\",\"valueRequired\":true,\"valueName\":\"search_term_string\"}}],\"inLanguage\":\"hu\"}]}<\/script>\n<!-- \/ Yoast SEO plugin. -->","yoast_head_json":{"title":"H\u00e1rom r\u00f6vid cselekv\u00e9s &#187; Sopa","robots":{"index":"index","follow":"follow","max-snippet":"max-snippet:-1","max-image-preview":"max-image-preview:large","max-video-preview":"max-video-preview:-1"},"canonical":"https:\/\/sopa.si\/hu\/sopa\/harom-rovid-cselekves\/","og_locale":"hu_HU","og_type":"article","og_title":"H\u00e1rom r\u00f6vid cselekv\u00e9s &#187; Sopa","og_description":"Az egy\u00e9neket, akik nagy m\u00e9rt\u00e9kben fogyasztanak alkoholt, h\u00e1rom r\u00f6vid int\u00e9zked\u00e9s seg\u00edts\u00e9g\u00e9vel k\u00f6zel\u00edtj\u00fck meg. Az 1. r\u00f6vid int\u00e9zked\u00e9s elm\u00e9ly\u00fclten foglalkozik az egy\u00e9nnel, aki k\u00e1rosan \u00e9s kock\u00e1zatosan fogyaszt alkoholt. A k\u00e1ros \u00e9s kock\u00e1zatos alkoholfogyaszt\u00f3k felkutat\u00e1s\u00e1t c\u00e9lozza meg \u00e9s t\u00e1mogat\u00e1st biztos\u00edt tan\u00e1csad\u00e1s form\u00e1j\u00e1ban a t\u00falzott alkoholfogyaszt\u00e1s felhagy\u00e1s\u00e1val kapcsolatban. Az it\u00e9zked\u00e9s a projektben k\u00f6zrem\u0171k\u00f6d\u0151 eg\u00e9szs\u00e9gh\u00e1zak \u00e9s szoci\u00e1lis munkak\u00f6zpontok keret\u00e9ben [&hellip;]","og_url":"https:\/\/sopa.si\/hu\/sopa\/harom-rovid-cselekves\/","og_site_name":"Sopa","article_modified_time":"2020-03-23T13:12:19+00:00","og_image":[{"url":"https:\/\/www.sopa.si\/\/wp-content\/uploads\/2020\/03\/actions-hu.jpg","type":"","width":"","height":""}],"twitter_card":"summary_large_image","twitter_misc":{"Becs\u00fclt olvas\u00e1si id\u0151":"3 perc"},"schema":{"@context":"https:\/\/schema.org","@graph":[{"@type":"WebPage","@id":"https:\/\/sopa.si\/hu\/sopa\/harom-rovid-cselekves\/","url":"https:\/\/sopa.si\/hu\/sopa\/harom-rovid-cselekves\/","name":"H\u00e1rom r\u00f6vid cselekv\u00e9s &#187; Sopa","isPartOf":{"@id":"https:\/\/sopa.si\/hu\/#website"},"primaryImageOfPage":{"@id":"https:\/\/sopa.si\/hu\/sopa\/harom-rovid-cselekves\/#primaryimage"},"image":{"@id":"https:\/\/sopa.si\/hu\/sopa\/harom-rovid-cselekves\/#primaryimage"},"thumbnailUrl":"https:\/\/www.sopa.si\/\/wp-content\/uploads\/2020\/03\/actions-hu.jpg","datePublished":"2020-03-23T12:43:57+00:00","dateModified":"2020-03-23T13:12:19+00:00","breadcrumb":{"@id":"https:\/\/sopa.si\/hu\/sopa\/harom-rovid-cselekves\/#breadcrumb"},"inLanguage":"hu","potentialAction":[{"@type":"ReadAction","target":["https:\/\/sopa.si\/hu\/sopa\/harom-rovid-cselekves\/"]}]},{"@type":"ImageObject","inLanguage":"hu","@id":"https:\/\/sopa.si\/hu\/sopa\/harom-rovid-cselekves\/#primaryimage","url":"https:\/\/www.sopa.si\/\/wp-content\/uploads\/2020\/03\/actions-hu.jpg","contentUrl":"https:\/\/www.sopa.si\/\/wp-content\/uploads\/2020\/03\/actions-hu.jpg"},{"@type":"BreadcrumbList","@id":"https:\/\/sopa.si\/hu\/sopa\/harom-rovid-cselekves\/#breadcrumb","itemListElement":[{"@type":"ListItem","position":1,"name":"Domov","item":"https:\/\/sopa.si\/hu\/"},{"@type":"ListItem","position":2,"name":"Sopa","item":"https:\/\/sopa.si\/hu\/sopa\/"},{"@type":"ListItem","position":3,"name":"H\u00e1rom r\u00f6vid cselekv\u00e9s"}]},{"@type":"WebSite","@id":"https:\/\/sopa.si\/hu\/#website","url":"https:\/\/sopa.si\/hu\/","name":"Sopa","description":"Just another WordPress site","potentialAction":[{"@type":"SearchAction","target":{"@type":"EntryPoint","urlTemplate":"https:\/\/sopa.si\/hu\/?s={search_term_string}"},"query-input":{"@type":"PropertyValueSpecification","valueRequired":true,"valueName":"search_term_string"}}],"inLanguage":"hu"}]}},"_links":{"self":[{"href":"https:\/\/sopa.si\/hu\/wp-json\/wp\/v2\/pages\/2107","targetHints":{"allow":["GET"]}}],"collection":[{"href":"https:\/\/sopa.si\/hu\/wp-json\/wp\/v2\/pages"}],"about":[{"href":"https:\/\/sopa.si\/hu\/wp-json\/wp\/v2\/types\/page"}],"author":[{"embeddable":true,"href":"https:\/\/sopa.si\/hu\/wp-json\/wp\/v2\/users\/10"}],"replies":[{"embeddable":true,"href":"https:\/\/sopa.si\/hu\/wp-json\/wp\/v2\/comments?post=2107"}],"version-history":[{"count":2,"href":"https:\/\/sopa.si\/hu\/wp-json\/wp\/v2\/pages\/2107\/revisions"}],"predecessor-version":[{"id":2203,"href":"https:\/\/sopa.si\/hu\/wp-json\/wp\/v2\/pages\/2107\/revisions\/2203"}],"up":[{"embeddable":true,"href":"https:\/\/sopa.si\/hu\/wp-json\/wp\/v2\/pages\/2126"}],"wp:attachment":[{"href":"https:\/\/sopa.si\/hu\/wp-json\/wp\/v2\/media?parent=2107"}],"curies":[{"name":"wp","href":"https:\/\/api.w.org\/{rel}","templated":true}]}}