{"id":2109,"date":"2020-03-23T12:43:04","date_gmt":"2020-03-23T12:43:04","guid":{"rendered":"https:\/\/www.sopa.si\/\/our-goals\/"},"modified":"2020-03-23T13:11:15","modified_gmt":"2020-03-23T13:11:15","slug":"celok","status":"publish","type":"page","link":"https:\/\/sopa.si\/hu\/sopa\/celok\/","title":{"rendered":"C\u00e9lok"},"content":{"rendered":"<ol>\n<li>Er\u0151s\u00edtj\u00fck a megl\u00e9v\u0151 kapacit\u00e1sokat \u00e9s \u00fajakat l\u00e9tes\u00edt\u00fcnk a kock\u00e1zatos \u00e9s k\u00e1ros alkoholfogyaszt\u00e1s kezel\u00e9s\u00e9re nemzeti, region\u00e1lis \u00e9s helyi szinten.<\/li>\n<li>K\u00fcl\u00f6nb\u00f6z\u0151 szakembereket k\u00e9pz\u00fcnk k\u00fcl\u00f6nb\u00f6z\u0151 ter\u00fcleteken (eg\u00e9szs\u00e9g\u00fcgyi, szoci\u00e1lis szektor, civil szervezetek) a kock\u00e1zatos \u00e9s k\u00e1ros alkoholfogyaszt\u00e1s individu\u00e1lis kezel\u00e9s\u00e9re. A megk\u00f6zel\u00edt\u00e9st k\u00eds\u00e9rleti szakaszban 18 helyi k\u00f6rnyezetben val\u00f3s\u00edtjuk meg Szlov\u00e9nia szerte. Ebben k\u00f6zrem\u0171k\u00f6dnek az eg\u00e9szs\u00e9g\u00fcgyi \u00e9s szoci\u00e1lis szektor, a civil szervezetek, a k\u00f6zs\u00e9gek, a rend\u0151rs\u00e9g \u00e9s a SzK Foglalkoztat\u00e1si Int\u00e9zet\u00e9nek hivatalai.<\/li>\n<li>Egy\u00fcttm\u0171k\u00f6dve a m\u00e9dia k\u00e9pvisel\u0151ivel szeretn\u00e9nk kialak\u00edtani az aj\u00e1nlatokat az alkoholfogyaszt\u00e1sr\u00f3l sz\u00f3l\u00f3 felel\u0151s t\u00e1j\u00e9koztat\u00e1sra, amelyek hozz\u00e1j\u00e1rulnak az \u00fajs\u00e1g\u00edr\u00f3k tudatos\u00edt\u00e1s\u00e1hoz.<\/li>\n<li>A szlov\u00e9n t\u00e1rsadalomban a nyilv\u00e1noss\u00e1g \u00e9s a szakma tudatos\u00edt\u00e1s\u00e1ra t\u00f6reksz\u00fcnk az alkoholfogyaszt\u00e1s ter\u00e9n. A nyilv\u00e1noss\u00e1got az eg\u00e9szs\u00e9g\u00fcgyi \u00e9s szoci\u00e1lis int\u00e9zm\u00e9nyekben, civil szervezetekben \u00e9s a SzK Foglalkoztat\u00e1si Int\u00e9zet\u00e9ben folytatott tev\u00e9kenys\u00e9g\u00fcnkkel sz\u00f3l\u00edtjuk meg, a m\u00e9di\u00e1val folytatott egy\u00fcttm\u0171k\u00f6d\u00e9ssel \u00e9s a kock\u00e1zatos vagy k\u00e1ros alkoholfogyaszt\u00e1s jelent\u0151s napjainak felid\u00e9z\u00e9s\u00e9vel.<\/li>\n<li>Szeretn\u00e9nk kialak\u00edtani a kock\u00e1zatos vagy k\u00e1ros alkoholfogyaszt\u00e1s megvitat\u00e1s\u00e1nak protokolj\u00e1t szakm\u00e1kon bel\u00fcl \u00e9s gondoskodni a szakm\u00e1k k\u00e9pvisel\u0151i k\u00f6z\u00f6tti egy\u00fcttm\u0171k\u00f6d\u00e9sr\u0151l \u00e9s kapcsolatteremt\u00e9s\u00e9r\u0151l.<\/li>\n<li>A program befejez\u00e9se ut\u00e1n a c\u00e9lunk egy rendszerbeli javaslat elk\u00e9sz\u00edt\u00e9se, ami biztos\u00edtja a megk\u00f6zel\u00edt\u00e9s fenntarthat\u00f3s\u00e1g\u00e1t. Ezzel hozz\u00e1j\u00e1rulunk az eg\u00e9szs\u00e9g meg\u0151rz\u00e9s\u00e9hez a kock\u00e1zatos vagy k\u00e1ros alkoholfogyaszt\u00e1s ter\u00e9n a program befejez\u00e9se, 2020 ut\u00e1n is. Ezt szeretn\u00e9nk biztos\u00edtani az eg\u00e9szs\u00e9g\u00fcgyi miniszt\u00e9riummal folytatott egy\u00fcttm\u0171k\u00f6d\u00e9ssel.<\/li>\n<\/ol>\n","protected":false},"excerpt":{"rendered":"<p>Er\u0151s\u00edtj\u00fck a megl\u00e9v\u0151 kapacit\u00e1sokat \u00e9s \u00fajakat l\u00e9tes\u00edt\u00fcnk a kock\u00e1zatos \u00e9s k\u00e1ros alkoholfogyaszt\u00e1s kezel\u00e9s\u00e9re nemzeti, region\u00e1lis \u00e9s helyi szinten. K\u00fcl\u00f6nb\u00f6z\u0151 szakembereket k\u00e9pz\u00fcnk k\u00fcl\u00f6nb\u00f6z\u0151 ter\u00fcleteken (eg\u00e9szs\u00e9g\u00fcgyi, szoci\u00e1lis szektor, civil szervezetek) a kock\u00e1zatos \u00e9s k\u00e1ros alkoholfogyaszt\u00e1s individu\u00e1lis kezel\u00e9s\u00e9re. A megk\u00f6zel\u00edt\u00e9st k\u00eds\u00e9rleti szakaszban 18 helyi k\u00f6rnyezetben val\u00f3s\u00edtjuk meg Szlov\u00e9nia szerte. Ebben k\u00f6zrem\u0171k\u00f6dnek az eg\u00e9szs\u00e9g\u00fcgyi \u00e9s szoci\u00e1lis szektor, a civil [&hellip;]<\/p>\n","protected":false},"author":10,"featured_media":0,"parent":2126,"menu_order":1,"comment_status":"closed","ping_status":"closed","template":"","meta":{"_acf_changed":false,"footnotes":""},"class_list":["post-2109","page","type-page","status-publish","hentry"],"acf":[],"yoast_head":"<!-- This site is optimized with the Yoast SEO plugin v24.5 - https:\/\/yoast.com\/wordpress\/plugins\/seo\/ -->\n<title>C\u00e9lok &#187; Sopa<\/title>\n<meta name=\"robots\" content=\"index, follow, max-snippet:-1, max-image-preview:large, max-video-preview:-1\" \/>\n<link rel=\"canonical\" href=\"https:\/\/sopa.si\/hu\/sopa\/celok\/\" \/>\n<meta property=\"og:locale\" content=\"hu_HU\" \/>\n<meta property=\"og:type\" content=\"article\" \/>\n<meta property=\"og:title\" content=\"C\u00e9lok &#187; Sopa\" \/>\n<meta property=\"og:description\" content=\"Er\u0151s\u00edtj\u00fck a megl\u00e9v\u0151 kapacit\u00e1sokat \u00e9s \u00fajakat l\u00e9tes\u00edt\u00fcnk a kock\u00e1zatos \u00e9s k\u00e1ros alkoholfogyaszt\u00e1s kezel\u00e9s\u00e9re nemzeti, region\u00e1lis \u00e9s helyi szinten. K\u00fcl\u00f6nb\u00f6z\u0151 szakembereket k\u00e9pz\u00fcnk k\u00fcl\u00f6nb\u00f6z\u0151 ter\u00fcleteken (eg\u00e9szs\u00e9g\u00fcgyi, szoci\u00e1lis szektor, civil szervezetek) a kock\u00e1zatos \u00e9s k\u00e1ros alkoholfogyaszt\u00e1s individu\u00e1lis kezel\u00e9s\u00e9re. A megk\u00f6zel\u00edt\u00e9st k\u00eds\u00e9rleti szakaszban 18 helyi k\u00f6rnyezetben val\u00f3s\u00edtjuk meg Szlov\u00e9nia szerte. Ebben k\u00f6zrem\u0171k\u00f6dnek az eg\u00e9szs\u00e9g\u00fcgyi \u00e9s szoci\u00e1lis szektor, a civil [&hellip;]\" \/>\n<meta property=\"og:url\" content=\"https:\/\/sopa.si\/hu\/sopa\/celok\/\" \/>\n<meta property=\"og:site_name\" content=\"Sopa\" \/>\n<meta property=\"article:modified_time\" content=\"2020-03-23T13:11:15+00:00\" \/>\n<meta name=\"twitter:card\" content=\"summary_large_image\" \/>\n<meta name=\"twitter:label1\" content=\"Becs\u00fclt olvas\u00e1si id\u0151\" \/>\n\t<meta name=\"twitter:data1\" content=\"2 perc\" \/>\n<script type=\"application\/ld+json\" class=\"yoast-schema-graph\">{\"@context\":\"https:\/\/schema.org\",\"@graph\":[{\"@type\":\"WebPage\",\"@id\":\"https:\/\/sopa.si\/hu\/sopa\/celok\/\",\"url\":\"https:\/\/sopa.si\/hu\/sopa\/celok\/\",\"name\":\"C\u00e9lok &#187; Sopa\",\"isPartOf\":{\"@id\":\"https:\/\/sopa.si\/hu\/#website\"},\"datePublished\":\"2020-03-23T12:43:04+00:00\",\"dateModified\":\"2020-03-23T13:11:15+00:00\",\"breadcrumb\":{\"@id\":\"https:\/\/sopa.si\/hu\/sopa\/celok\/#breadcrumb\"},\"inLanguage\":\"hu\",\"potentialAction\":[{\"@type\":\"ReadAction\",\"target\":[\"https:\/\/sopa.si\/hu\/sopa\/celok\/\"]}]},{\"@type\":\"BreadcrumbList\",\"@id\":\"https:\/\/sopa.si\/hu\/sopa\/celok\/#breadcrumb\",\"itemListElement\":[{\"@type\":\"ListItem\",\"position\":1,\"name\":\"Domov\",\"item\":\"https:\/\/sopa.si\/hu\/\"},{\"@type\":\"ListItem\",\"position\":2,\"name\":\"Sopa\",\"item\":\"https:\/\/sopa.si\/hu\/sopa\/\"},{\"@type\":\"ListItem\",\"position\":3,\"name\":\"C\u00e9lok\"}]},{\"@type\":\"WebSite\",\"@id\":\"https:\/\/sopa.si\/hu\/#website\",\"url\":\"https:\/\/sopa.si\/hu\/\",\"name\":\"Sopa\",\"description\":\"Just another WordPress site\",\"potentialAction\":[{\"@type\":\"SearchAction\",\"target\":{\"@type\":\"EntryPoint\",\"urlTemplate\":\"https:\/\/sopa.si\/hu\/?s={search_term_string}\"},\"query-input\":{\"@type\":\"PropertyValueSpecification\",\"valueRequired\":true,\"valueName\":\"search_term_string\"}}],\"inLanguage\":\"hu\"}]}<\/script>\n<!-- \/ Yoast SEO plugin. -->","yoast_head_json":{"title":"C\u00e9lok &#187; Sopa","robots":{"index":"index","follow":"follow","max-snippet":"max-snippet:-1","max-image-preview":"max-image-preview:large","max-video-preview":"max-video-preview:-1"},"canonical":"https:\/\/sopa.si\/hu\/sopa\/celok\/","og_locale":"hu_HU","og_type":"article","og_title":"C\u00e9lok &#187; Sopa","og_description":"Er\u0151s\u00edtj\u00fck a megl\u00e9v\u0151 kapacit\u00e1sokat \u00e9s \u00fajakat l\u00e9tes\u00edt\u00fcnk a kock\u00e1zatos \u00e9s k\u00e1ros alkoholfogyaszt\u00e1s kezel\u00e9s\u00e9re nemzeti, region\u00e1lis \u00e9s helyi szinten. K\u00fcl\u00f6nb\u00f6z\u0151 szakembereket k\u00e9pz\u00fcnk k\u00fcl\u00f6nb\u00f6z\u0151 ter\u00fcleteken (eg\u00e9szs\u00e9g\u00fcgyi, szoci\u00e1lis szektor, civil szervezetek) a kock\u00e1zatos \u00e9s k\u00e1ros alkoholfogyaszt\u00e1s individu\u00e1lis kezel\u00e9s\u00e9re. A megk\u00f6zel\u00edt\u00e9st k\u00eds\u00e9rleti szakaszban 18 helyi k\u00f6rnyezetben val\u00f3s\u00edtjuk meg Szlov\u00e9nia szerte. Ebben k\u00f6zrem\u0171k\u00f6dnek az eg\u00e9szs\u00e9g\u00fcgyi \u00e9s szoci\u00e1lis szektor, a civil [&hellip;]","og_url":"https:\/\/sopa.si\/hu\/sopa\/celok\/","og_site_name":"Sopa","article_modified_time":"2020-03-23T13:11:15+00:00","twitter_card":"summary_large_image","twitter_misc":{"Becs\u00fclt olvas\u00e1si id\u0151":"2 perc"},"schema":{"@context":"https:\/\/schema.org","@graph":[{"@type":"WebPage","@id":"https:\/\/sopa.si\/hu\/sopa\/celok\/","url":"https:\/\/sopa.si\/hu\/sopa\/celok\/","name":"C\u00e9lok &#187; Sopa","isPartOf":{"@id":"https:\/\/sopa.si\/hu\/#website"},"datePublished":"2020-03-23T12:43:04+00:00","dateModified":"2020-03-23T13:11:15+00:00","breadcrumb":{"@id":"https:\/\/sopa.si\/hu\/sopa\/celok\/#breadcrumb"},"inLanguage":"hu","potentialAction":[{"@type":"ReadAction","target":["https:\/\/sopa.si\/hu\/sopa\/celok\/"]}]},{"@type":"BreadcrumbList","@id":"https:\/\/sopa.si\/hu\/sopa\/celok\/#breadcrumb","itemListElement":[{"@type":"ListItem","position":1,"name":"Domov","item":"https:\/\/sopa.si\/hu\/"},{"@type":"ListItem","position":2,"name":"Sopa","item":"https:\/\/sopa.si\/hu\/sopa\/"},{"@type":"ListItem","position":3,"name":"C\u00e9lok"}]},{"@type":"WebSite","@id":"https:\/\/sopa.si\/hu\/#website","url":"https:\/\/sopa.si\/hu\/","name":"Sopa","description":"Just another WordPress site","potentialAction":[{"@type":"SearchAction","target":{"@type":"EntryPoint","urlTemplate":"https:\/\/sopa.si\/hu\/?s={search_term_string}"},"query-input":{"@type":"PropertyValueSpecification","valueRequired":true,"valueName":"search_term_string"}}],"inLanguage":"hu"}]}},"_links":{"self":[{"href":"https:\/\/sopa.si\/hu\/wp-json\/wp\/v2\/pages\/2109","targetHints":{"allow":["GET"]}}],"collection":[{"href":"https:\/\/sopa.si\/hu\/wp-json\/wp\/v2\/pages"}],"about":[{"href":"https:\/\/sopa.si\/hu\/wp-json\/wp\/v2\/types\/page"}],"author":[{"embeddable":true,"href":"https:\/\/sopa.si\/hu\/wp-json\/wp\/v2\/users\/10"}],"replies":[{"embeddable":true,"href":"https:\/\/sopa.si\/hu\/wp-json\/wp\/v2\/comments?post=2109"}],"version-history":[{"count":2,"href":"https:\/\/sopa.si\/hu\/wp-json\/wp\/v2\/pages\/2109\/revisions"}],"predecessor-version":[{"id":2197,"href":"https:\/\/sopa.si\/hu\/wp-json\/wp\/v2\/pages\/2109\/revisions\/2197"}],"up":[{"embeddable":true,"href":"https:\/\/sopa.si\/hu\/wp-json\/wp\/v2\/pages\/2126"}],"wp:attachment":[{"href":"https:\/\/sopa.si\/hu\/wp-json\/wp\/v2\/media?parent=2109"}],"curies":[{"name":"wp","href":"https:\/\/api.w.org\/{rel}","templated":true}]}}