{"id":2114,"date":"2020-03-23T12:42:43","date_gmt":"2020-03-23T12:42:43","guid":{"rendered":"https:\/\/www.sopa.si\/\/how-do-we-connect\/"},"modified":"2020-03-23T13:11:01","modified_gmt":"2020-03-23T13:11:01","slug":"hogyan-csatlakozunk","status":"publish","type":"page","link":"https:\/\/sopa.si\/hu\/sopa\/hogyan-csatlakozunk\/","title":{"rendered":"Hogyan csatlakozunk"},"content":{"rendered":"<p>A SOPA megk\u00f6zel\u00edt\u00e9s az int\u00e9zked\u00e9sek kivitelez\u00e9s\u00e9t \u00e9s az egy\u00e9nek t\u00e1mogat\u00e1s\u00e1t jelenti, akik kock\u00e1zatos m\u00f3don \u00e9s k\u00e1ros hat\u00e1ssal alkoholt fogyasztanak, de bevonja a hozz\u00e1tartoz\u00f3ikat is. K\u00fcl\u00f6nb\u00f6z\u0151 szf\u00e9r\u00e1kat k\u00f6t \u00f6ssze, amit k\u00fcl\u00f6nb\u00f6z\u0151 tal\u00e1lkoz\u00e1sokon val\u00f3s\u00edtunk meg. Ezek lok\u00e1lis szinten (a bevont helyi k\u00f6rnyezeten bel\u00fcl), region\u00e1lis szinten (NKI ter\u00fcleti egys\u00e9gein bel\u00fcl) \u00e9s nemzeti szinten t\u00f6rt\u00e9nnek. Az eg\u00e9szs\u00e9gh\u00e1zak, szoci\u00e1lis munkak\u00f6zpontok, a SzK Foglalkoztat\u00e1si Int\u00e9zete hivatalain \u00e9s a civil szervezeteken k\u00edv\u00fcl a terepen kapcsolatban vagyunk a k\u00f6zs\u00e9gekkel \u00e9s a rend\u0151rs\u00e9ggel, hiszen \u0151k azok, akik sz\u00e1mos prevent\u00edv programot val\u00f3s\u00edtanak meg az alkohollal kapcsolatos t\u00e9mak\u00f6r tudatos\u00edt\u00e1sa miatt.<\/p>\n<p>A tal\u00e1lkoz\u00e1sokon \u00e9s az esem\u00e9nyeken Szlov\u00e9nia szerte szeretn\u00e9nk hangs\u00falyozni a tapasztalatcser\u00e9t k\u00fcl\u00f6nb\u00f6z\u0151 szakm\u00e1j\u00fa egy\u00e9nek \u00e9s a SOPA megk\u00f6zel\u00edt\u00e9s kivitelez\u0151i k\u00f6z\u00f6tt. K\u00f6zvet\u00edteni szeretn\u00e9nk az aktu\u00e1lis inform\u00e1ci\u00f3kat az alkoholfogyaszt\u00e1s t\u00e9mak\u00f6r\u00e9ben.<\/p>\n","protected":false},"excerpt":{"rendered":"<p>A SOPA megk\u00f6zel\u00edt\u00e9s az int\u00e9zked\u00e9sek kivitelez\u00e9s\u00e9t \u00e9s az egy\u00e9nek t\u00e1mogat\u00e1s\u00e1t jelenti, akik kock\u00e1zatos m\u00f3don \u00e9s k\u00e1ros hat\u00e1ssal alkoholt fogyasztanak, de bevonja a hozz\u00e1tartoz\u00f3ikat is. K\u00fcl\u00f6nb\u00f6z\u0151 szf\u00e9r\u00e1kat k\u00f6t \u00f6ssze, amit k\u00fcl\u00f6nb\u00f6z\u0151 tal\u00e1lkoz\u00e1sokon val\u00f3s\u00edtunk meg. Ezek lok\u00e1lis szinten (a bevont helyi k\u00f6rnyezeten bel\u00fcl), region\u00e1lis szinten (NKI ter\u00fcleti egys\u00e9gein bel\u00fcl) \u00e9s nemzeti szinten t\u00f6rt\u00e9nnek. Az eg\u00e9szs\u00e9gh\u00e1zak, szoci\u00e1lis munkak\u00f6zpontok, [&hellip;]<\/p>\n","protected":false},"author":10,"featured_media":0,"parent":2126,"menu_order":4,"comment_status":"closed","ping_status":"closed","template":"","meta":{"_acf_changed":false,"footnotes":""},"class_list":["post-2114","page","type-page","status-publish","hentry"],"acf":[],"yoast_head":"<!-- This site is optimized with the Yoast SEO plugin v24.5 - https:\/\/yoast.com\/wordpress\/plugins\/seo\/ -->\n<title>Hogyan csatlakozunk &#187; Sopa<\/title>\n<meta name=\"robots\" content=\"index, follow, max-snippet:-1, max-image-preview:large, max-video-preview:-1\" \/>\n<link rel=\"canonical\" href=\"https:\/\/sopa.si\/hu\/sopa\/hogyan-csatlakozunk\/\" \/>\n<meta property=\"og:locale\" content=\"hu_HU\" \/>\n<meta property=\"og:type\" content=\"article\" \/>\n<meta property=\"og:title\" content=\"Hogyan csatlakozunk &#187; Sopa\" \/>\n<meta property=\"og:description\" content=\"A SOPA megk\u00f6zel\u00edt\u00e9s az int\u00e9zked\u00e9sek kivitelez\u00e9s\u00e9t \u00e9s az egy\u00e9nek t\u00e1mogat\u00e1s\u00e1t jelenti, akik kock\u00e1zatos m\u00f3don \u00e9s k\u00e1ros hat\u00e1ssal alkoholt fogyasztanak, de bevonja a hozz\u00e1tartoz\u00f3ikat is. K\u00fcl\u00f6nb\u00f6z\u0151 szf\u00e9r\u00e1kat k\u00f6t \u00f6ssze, amit k\u00fcl\u00f6nb\u00f6z\u0151 tal\u00e1lkoz\u00e1sokon val\u00f3s\u00edtunk meg. Ezek lok\u00e1lis szinten (a bevont helyi k\u00f6rnyezeten bel\u00fcl), region\u00e1lis szinten (NKI ter\u00fcleti egys\u00e9gein bel\u00fcl) \u00e9s nemzeti szinten t\u00f6rt\u00e9nnek. Az eg\u00e9szs\u00e9gh\u00e1zak, szoci\u00e1lis munkak\u00f6zpontok, [&hellip;]\" \/>\n<meta property=\"og:url\" content=\"https:\/\/sopa.si\/hu\/sopa\/hogyan-csatlakozunk\/\" \/>\n<meta property=\"og:site_name\" content=\"Sopa\" \/>\n<meta property=\"article:modified_time\" content=\"2020-03-23T13:11:01+00:00\" \/>\n<meta name=\"twitter:card\" content=\"summary_large_image\" \/>\n<meta name=\"twitter:label1\" content=\"Becs\u00fclt olvas\u00e1si id\u0151\" \/>\n\t<meta name=\"twitter:data1\" content=\"1 perc\" \/>\n<script type=\"application\/ld+json\" class=\"yoast-schema-graph\">{\"@context\":\"https:\/\/schema.org\",\"@graph\":[{\"@type\":\"WebPage\",\"@id\":\"https:\/\/sopa.si\/hu\/sopa\/hogyan-csatlakozunk\/\",\"url\":\"https:\/\/sopa.si\/hu\/sopa\/hogyan-csatlakozunk\/\",\"name\":\"Hogyan csatlakozunk &#187; Sopa\",\"isPartOf\":{\"@id\":\"https:\/\/sopa.si\/hu\/#website\"},\"datePublished\":\"2020-03-23T12:42:43+00:00\",\"dateModified\":\"2020-03-23T13:11:01+00:00\",\"breadcrumb\":{\"@id\":\"https:\/\/sopa.si\/hu\/sopa\/hogyan-csatlakozunk\/#breadcrumb\"},\"inLanguage\":\"hu\",\"potentialAction\":[{\"@type\":\"ReadAction\",\"target\":[\"https:\/\/sopa.si\/hu\/sopa\/hogyan-csatlakozunk\/\"]}]},{\"@type\":\"BreadcrumbList\",\"@id\":\"https:\/\/sopa.si\/hu\/sopa\/hogyan-csatlakozunk\/#breadcrumb\",\"itemListElement\":[{\"@type\":\"ListItem\",\"position\":1,\"name\":\"Domov\",\"item\":\"https:\/\/sopa.si\/hu\/\"},{\"@type\":\"ListItem\",\"position\":2,\"name\":\"Sopa\",\"item\":\"https:\/\/sopa.si\/hu\/sopa\/\"},{\"@type\":\"ListItem\",\"position\":3,\"name\":\"Hogyan csatlakozunk\"}]},{\"@type\":\"WebSite\",\"@id\":\"https:\/\/sopa.si\/hu\/#website\",\"url\":\"https:\/\/sopa.si\/hu\/\",\"name\":\"Sopa\",\"description\":\"Just another WordPress site\",\"potentialAction\":[{\"@type\":\"SearchAction\",\"target\":{\"@type\":\"EntryPoint\",\"urlTemplate\":\"https:\/\/sopa.si\/hu\/?s={search_term_string}\"},\"query-input\":{\"@type\":\"PropertyValueSpecification\",\"valueRequired\":true,\"valueName\":\"search_term_string\"}}],\"inLanguage\":\"hu\"}]}<\/script>\n<!-- \/ Yoast SEO plugin. -->","yoast_head_json":{"title":"Hogyan csatlakozunk &#187; Sopa","robots":{"index":"index","follow":"follow","max-snippet":"max-snippet:-1","max-image-preview":"max-image-preview:large","max-video-preview":"max-video-preview:-1"},"canonical":"https:\/\/sopa.si\/hu\/sopa\/hogyan-csatlakozunk\/","og_locale":"hu_HU","og_type":"article","og_title":"Hogyan csatlakozunk &#187; Sopa","og_description":"A SOPA megk\u00f6zel\u00edt\u00e9s az int\u00e9zked\u00e9sek kivitelez\u00e9s\u00e9t \u00e9s az egy\u00e9nek t\u00e1mogat\u00e1s\u00e1t jelenti, akik kock\u00e1zatos m\u00f3don \u00e9s k\u00e1ros hat\u00e1ssal alkoholt fogyasztanak, de bevonja a hozz\u00e1tartoz\u00f3ikat is. K\u00fcl\u00f6nb\u00f6z\u0151 szf\u00e9r\u00e1kat k\u00f6t \u00f6ssze, amit k\u00fcl\u00f6nb\u00f6z\u0151 tal\u00e1lkoz\u00e1sokon val\u00f3s\u00edtunk meg. Ezek lok\u00e1lis szinten (a bevont helyi k\u00f6rnyezeten bel\u00fcl), region\u00e1lis szinten (NKI ter\u00fcleti egys\u00e9gein bel\u00fcl) \u00e9s nemzeti szinten t\u00f6rt\u00e9nnek. Az eg\u00e9szs\u00e9gh\u00e1zak, szoci\u00e1lis munkak\u00f6zpontok, [&hellip;]","og_url":"https:\/\/sopa.si\/hu\/sopa\/hogyan-csatlakozunk\/","og_site_name":"Sopa","article_modified_time":"2020-03-23T13:11:01+00:00","twitter_card":"summary_large_image","twitter_misc":{"Becs\u00fclt olvas\u00e1si id\u0151":"1 perc"},"schema":{"@context":"https:\/\/schema.org","@graph":[{"@type":"WebPage","@id":"https:\/\/sopa.si\/hu\/sopa\/hogyan-csatlakozunk\/","url":"https:\/\/sopa.si\/hu\/sopa\/hogyan-csatlakozunk\/","name":"Hogyan csatlakozunk &#187; Sopa","isPartOf":{"@id":"https:\/\/sopa.si\/hu\/#website"},"datePublished":"2020-03-23T12:42:43+00:00","dateModified":"2020-03-23T13:11:01+00:00","breadcrumb":{"@id":"https:\/\/sopa.si\/hu\/sopa\/hogyan-csatlakozunk\/#breadcrumb"},"inLanguage":"hu","potentialAction":[{"@type":"ReadAction","target":["https:\/\/sopa.si\/hu\/sopa\/hogyan-csatlakozunk\/"]}]},{"@type":"BreadcrumbList","@id":"https:\/\/sopa.si\/hu\/sopa\/hogyan-csatlakozunk\/#breadcrumb","itemListElement":[{"@type":"ListItem","position":1,"name":"Domov","item":"https:\/\/sopa.si\/hu\/"},{"@type":"ListItem","position":2,"name":"Sopa","item":"https:\/\/sopa.si\/hu\/sopa\/"},{"@type":"ListItem","position":3,"name":"Hogyan csatlakozunk"}]},{"@type":"WebSite","@id":"https:\/\/sopa.si\/hu\/#website","url":"https:\/\/sopa.si\/hu\/","name":"Sopa","description":"Just another WordPress site","potentialAction":[{"@type":"SearchAction","target":{"@type":"EntryPoint","urlTemplate":"https:\/\/sopa.si\/hu\/?s={search_term_string}"},"query-input":{"@type":"PropertyValueSpecification","valueRequired":true,"valueName":"search_term_string"}}],"inLanguage":"hu"}]}},"_links":{"self":[{"href":"https:\/\/sopa.si\/hu\/wp-json\/wp\/v2\/pages\/2114","targetHints":{"allow":["GET"]}}],"collection":[{"href":"https:\/\/sopa.si\/hu\/wp-json\/wp\/v2\/pages"}],"about":[{"href":"https:\/\/sopa.si\/hu\/wp-json\/wp\/v2\/types\/page"}],"author":[{"embeddable":true,"href":"https:\/\/sopa.si\/hu\/wp-json\/wp\/v2\/users\/10"}],"replies":[{"embeddable":true,"href":"https:\/\/sopa.si\/hu\/wp-json\/wp\/v2\/comments?post=2114"}],"version-history":[{"count":1,"href":"https:\/\/sopa.si\/hu\/wp-json\/wp\/v2\/pages\/2114\/revisions"}],"predecessor-version":[{"id":2196,"href":"https:\/\/sopa.si\/hu\/wp-json\/wp\/v2\/pages\/2114\/revisions\/2196"}],"up":[{"embeddable":true,"href":"https:\/\/sopa.si\/hu\/wp-json\/wp\/v2\/pages\/2126"}],"wp:attachment":[{"href":"https:\/\/sopa.si\/hu\/wp-json\/wp\/v2\/media?parent=2114"}],"curies":[{"name":"wp","href":"https:\/\/api.w.org\/{rel}","templated":true}]}}