{"id":2116,"date":"2020-03-23T12:42:28","date_gmt":"2020-03-23T12:42:28","guid":{"rendered":"https:\/\/www.sopa.si\/\/who-is-the-sopa-for\/"},"modified":"2020-03-23T13:10:46","modified_gmt":"2020-03-23T13:10:46","slug":"kiket-celoz-meg-a-sopa","status":"publish","type":"page","link":"https:\/\/sopa.si\/hu\/sopa\/kiket-celoz-meg-a-sopa\/","title":{"rendered":"Kiket c\u00e9loz meg a SOPA"},"content":{"rendered":"<p>A SOPA megk\u00f6zel\u00edt\u00e9ssel Szlov\u00e9nia feln\u0151tt lakoss\u00e1g\u00e1t szeretn\u00e9nk megc\u00e9lozni, akik k\u00f6zvetlen\u00fcl vagy k\u00f6zvetve a t\u00falzott alkoholfogyaszt\u00e1s k\u00f6vetkezm\u00e9nyei miatt szenvednek \u00e9s a k\u00e1ros \u00e9s kock\u00e1zatos alkoholfogyaszt\u00e1si szok\u00e1saik megv\u00e1ltoztat\u00e1s\u00e1n\u00e1l t\u00e1mogat\u00e1st szeretn\u00e9nk nekik ny\u00fajtani, hogy jobb \u00e9letmin\u0151s\u00e9get alak\u00edthassanak ki maguknak.<\/p>\n<p>A feln\u0151ttek k\u00fcl\u00f6nb\u00f6z\u0151 int\u00e9zm\u00e9nyekhez \u00e9s szakemberekhez fordulhatnak seg\u00edts\u00e9g\u00e9rt.<\/p>\n<h2>A PROJEKT R\u00c9SZTVEV\u0150I<\/h2>\n<p>A projektben k\u00f6zrem\u0171k\u00f6dnek a m\u00e9dia k\u00e9pvisel\u0151i a felel\u0151s t\u00e1j\u00e9koztat\u00e1s ter\u00e9n, az eg\u00e9szs\u00e9g\u00fcgyi szektor az eg\u00e9szs\u00e9gv\u00e9delem \u00e9s j\u00f3 k\u00f6z\u00e9rzet ter\u00e9n, a szoci\u00e1lis szektor az \u00e9letsz\u00ednvonal \u00e9s az egym\u00e1sk\u00f6zti viszonyok ter\u00e9n, a civil szervezetek az integr\u00e1ci\u00f3 ter\u00e9n, a k\u00f6zs\u00e9gek az eg\u00e9szs\u00e9ges k\u00f6z\u00f6ss\u00e9g kialak\u00edt\u00e1s\u00e1nak \u00e9rdek\u00e9ben, a rend\u0151rs\u00e9g a biztons\u00e1g \u00e9s felel\u0151ss\u00e9gv\u00e1llal\u00e1s ter\u00e9n, a SzKFK a foglalkoztat\u00e1si lehet\u0151s\u00e9gek ismertet\u00e9s\u00e9nek a ter\u00e9n.<\/p>\n","protected":false},"excerpt":{"rendered":"<p>A SOPA megk\u00f6zel\u00edt\u00e9ssel Szlov\u00e9nia feln\u0151tt lakoss\u00e1g\u00e1t szeretn\u00e9nk megc\u00e9lozni, akik k\u00f6zvetlen\u00fcl vagy k\u00f6zvetve a t\u00falzott alkoholfogyaszt\u00e1s k\u00f6vetkezm\u00e9nyei miatt szenvednek \u00e9s a k\u00e1ros \u00e9s kock\u00e1zatos alkoholfogyaszt\u00e1si szok\u00e1saik megv\u00e1ltoztat\u00e1s\u00e1n\u00e1l t\u00e1mogat\u00e1st szeretn\u00e9nk nekik ny\u00fajtani, hogy jobb \u00e9letmin\u0151s\u00e9get alak\u00edthassanak ki maguknak. A feln\u0151ttek k\u00fcl\u00f6nb\u00f6z\u0151 int\u00e9zm\u00e9nyekhez \u00e9s szakemberekhez fordulhatnak seg\u00edts\u00e9g\u00e9rt. A PROJEKT R\u00c9SZTVEV\u0150I A projektben k\u00f6zrem\u0171k\u00f6dnek a m\u00e9dia k\u00e9pvisel\u0151i a felel\u0151s [&hellip;]<\/p>\n","protected":false},"author":10,"featured_media":0,"parent":2126,"menu_order":2,"comment_status":"closed","ping_status":"closed","template":"","meta":{"_acf_changed":false,"footnotes":""},"class_list":["post-2116","page","type-page","status-publish","hentry"],"acf":[],"yoast_head":"<!-- This site is optimized with the Yoast SEO plugin v24.5 - https:\/\/yoast.com\/wordpress\/plugins\/seo\/ -->\n<title>Kiket c\u00e9loz meg a SOPA &#187; Sopa<\/title>\n<meta name=\"robots\" content=\"index, follow, max-snippet:-1, max-image-preview:large, max-video-preview:-1\" \/>\n<link rel=\"canonical\" href=\"https:\/\/sopa.si\/hu\/sopa\/kiket-celoz-meg-a-sopa\/\" \/>\n<meta property=\"og:locale\" content=\"hu_HU\" \/>\n<meta property=\"og:type\" content=\"article\" \/>\n<meta property=\"og:title\" content=\"Kiket c\u00e9loz meg a SOPA &#187; Sopa\" \/>\n<meta property=\"og:description\" content=\"A SOPA megk\u00f6zel\u00edt\u00e9ssel Szlov\u00e9nia feln\u0151tt lakoss\u00e1g\u00e1t szeretn\u00e9nk megc\u00e9lozni, akik k\u00f6zvetlen\u00fcl vagy k\u00f6zvetve a t\u00falzott alkoholfogyaszt\u00e1s k\u00f6vetkezm\u00e9nyei miatt szenvednek \u00e9s a k\u00e1ros \u00e9s kock\u00e1zatos alkoholfogyaszt\u00e1si szok\u00e1saik megv\u00e1ltoztat\u00e1s\u00e1n\u00e1l t\u00e1mogat\u00e1st szeretn\u00e9nk nekik ny\u00fajtani, hogy jobb \u00e9letmin\u0151s\u00e9get alak\u00edthassanak ki maguknak. A feln\u0151ttek k\u00fcl\u00f6nb\u00f6z\u0151 int\u00e9zm\u00e9nyekhez \u00e9s szakemberekhez fordulhatnak seg\u00edts\u00e9g\u00e9rt. A PROJEKT R\u00c9SZTVEV\u0150I A projektben k\u00f6zrem\u0171k\u00f6dnek a m\u00e9dia k\u00e9pvisel\u0151i a felel\u0151s [&hellip;]\" \/>\n<meta property=\"og:url\" content=\"https:\/\/sopa.si\/hu\/sopa\/kiket-celoz-meg-a-sopa\/\" \/>\n<meta property=\"og:site_name\" content=\"Sopa\" \/>\n<meta property=\"article:modified_time\" content=\"2020-03-23T13:10:46+00:00\" \/>\n<meta name=\"twitter:card\" content=\"summary_large_image\" \/>\n<meta name=\"twitter:label1\" content=\"Becs\u00fclt olvas\u00e1si id\u0151\" \/>\n\t<meta name=\"twitter:data1\" content=\"1 perc\" \/>\n<script type=\"application\/ld+json\" class=\"yoast-schema-graph\">{\"@context\":\"https:\/\/schema.org\",\"@graph\":[{\"@type\":\"WebPage\",\"@id\":\"https:\/\/sopa.si\/hu\/sopa\/kiket-celoz-meg-a-sopa\/\",\"url\":\"https:\/\/sopa.si\/hu\/sopa\/kiket-celoz-meg-a-sopa\/\",\"name\":\"Kiket c\u00e9loz meg a SOPA &#187; Sopa\",\"isPartOf\":{\"@id\":\"https:\/\/sopa.si\/hu\/#website\"},\"datePublished\":\"2020-03-23T12:42:28+00:00\",\"dateModified\":\"2020-03-23T13:10:46+00:00\",\"breadcrumb\":{\"@id\":\"https:\/\/sopa.si\/hu\/sopa\/kiket-celoz-meg-a-sopa\/#breadcrumb\"},\"inLanguage\":\"hu\",\"potentialAction\":[{\"@type\":\"ReadAction\",\"target\":[\"https:\/\/sopa.si\/hu\/sopa\/kiket-celoz-meg-a-sopa\/\"]}]},{\"@type\":\"BreadcrumbList\",\"@id\":\"https:\/\/sopa.si\/hu\/sopa\/kiket-celoz-meg-a-sopa\/#breadcrumb\",\"itemListElement\":[{\"@type\":\"ListItem\",\"position\":1,\"name\":\"Domov\",\"item\":\"https:\/\/sopa.si\/hu\/\"},{\"@type\":\"ListItem\",\"position\":2,\"name\":\"Sopa\",\"item\":\"https:\/\/sopa.si\/hu\/sopa\/\"},{\"@type\":\"ListItem\",\"position\":3,\"name\":\"Kiket c\u00e9loz meg a SOPA\"}]},{\"@type\":\"WebSite\",\"@id\":\"https:\/\/sopa.si\/hu\/#website\",\"url\":\"https:\/\/sopa.si\/hu\/\",\"name\":\"Sopa\",\"description\":\"Just another WordPress site\",\"potentialAction\":[{\"@type\":\"SearchAction\",\"target\":{\"@type\":\"EntryPoint\",\"urlTemplate\":\"https:\/\/sopa.si\/hu\/?s={search_term_string}\"},\"query-input\":{\"@type\":\"PropertyValueSpecification\",\"valueRequired\":true,\"valueName\":\"search_term_string\"}}],\"inLanguage\":\"hu\"}]}<\/script>\n<!-- \/ Yoast SEO plugin. -->","yoast_head_json":{"title":"Kiket c\u00e9loz meg a SOPA &#187; Sopa","robots":{"index":"index","follow":"follow","max-snippet":"max-snippet:-1","max-image-preview":"max-image-preview:large","max-video-preview":"max-video-preview:-1"},"canonical":"https:\/\/sopa.si\/hu\/sopa\/kiket-celoz-meg-a-sopa\/","og_locale":"hu_HU","og_type":"article","og_title":"Kiket c\u00e9loz meg a SOPA &#187; Sopa","og_description":"A SOPA megk\u00f6zel\u00edt\u00e9ssel Szlov\u00e9nia feln\u0151tt lakoss\u00e1g\u00e1t szeretn\u00e9nk megc\u00e9lozni, akik k\u00f6zvetlen\u00fcl vagy k\u00f6zvetve a t\u00falzott alkoholfogyaszt\u00e1s k\u00f6vetkezm\u00e9nyei miatt szenvednek \u00e9s a k\u00e1ros \u00e9s kock\u00e1zatos alkoholfogyaszt\u00e1si szok\u00e1saik megv\u00e1ltoztat\u00e1s\u00e1n\u00e1l t\u00e1mogat\u00e1st szeretn\u00e9nk nekik ny\u00fajtani, hogy jobb \u00e9letmin\u0151s\u00e9get alak\u00edthassanak ki maguknak. A feln\u0151ttek k\u00fcl\u00f6nb\u00f6z\u0151 int\u00e9zm\u00e9nyekhez \u00e9s szakemberekhez fordulhatnak seg\u00edts\u00e9g\u00e9rt. A PROJEKT R\u00c9SZTVEV\u0150I A projektben k\u00f6zrem\u0171k\u00f6dnek a m\u00e9dia k\u00e9pvisel\u0151i a felel\u0151s [&hellip;]","og_url":"https:\/\/sopa.si\/hu\/sopa\/kiket-celoz-meg-a-sopa\/","og_site_name":"Sopa","article_modified_time":"2020-03-23T13:10:46+00:00","twitter_card":"summary_large_image","twitter_misc":{"Becs\u00fclt olvas\u00e1si id\u0151":"1 perc"},"schema":{"@context":"https:\/\/schema.org","@graph":[{"@type":"WebPage","@id":"https:\/\/sopa.si\/hu\/sopa\/kiket-celoz-meg-a-sopa\/","url":"https:\/\/sopa.si\/hu\/sopa\/kiket-celoz-meg-a-sopa\/","name":"Kiket c\u00e9loz meg a SOPA &#187; Sopa","isPartOf":{"@id":"https:\/\/sopa.si\/hu\/#website"},"datePublished":"2020-03-23T12:42:28+00:00","dateModified":"2020-03-23T13:10:46+00:00","breadcrumb":{"@id":"https:\/\/sopa.si\/hu\/sopa\/kiket-celoz-meg-a-sopa\/#breadcrumb"},"inLanguage":"hu","potentialAction":[{"@type":"ReadAction","target":["https:\/\/sopa.si\/hu\/sopa\/kiket-celoz-meg-a-sopa\/"]}]},{"@type":"BreadcrumbList","@id":"https:\/\/sopa.si\/hu\/sopa\/kiket-celoz-meg-a-sopa\/#breadcrumb","itemListElement":[{"@type":"ListItem","position":1,"name":"Domov","item":"https:\/\/sopa.si\/hu\/"},{"@type":"ListItem","position":2,"name":"Sopa","item":"https:\/\/sopa.si\/hu\/sopa\/"},{"@type":"ListItem","position":3,"name":"Kiket c\u00e9loz meg a SOPA"}]},{"@type":"WebSite","@id":"https:\/\/sopa.si\/hu\/#website","url":"https:\/\/sopa.si\/hu\/","name":"Sopa","description":"Just another WordPress site","potentialAction":[{"@type":"SearchAction","target":{"@type":"EntryPoint","urlTemplate":"https:\/\/sopa.si\/hu\/?s={search_term_string}"},"query-input":{"@type":"PropertyValueSpecification","valueRequired":true,"valueName":"search_term_string"}}],"inLanguage":"hu"}]}},"_links":{"self":[{"href":"https:\/\/sopa.si\/hu\/wp-json\/wp\/v2\/pages\/2116","targetHints":{"allow":["GET"]}}],"collection":[{"href":"https:\/\/sopa.si\/hu\/wp-json\/wp\/v2\/pages"}],"about":[{"href":"https:\/\/sopa.si\/hu\/wp-json\/wp\/v2\/types\/page"}],"author":[{"embeddable":true,"href":"https:\/\/sopa.si\/hu\/wp-json\/wp\/v2\/users\/10"}],"replies":[{"embeddable":true,"href":"https:\/\/sopa.si\/hu\/wp-json\/wp\/v2\/comments?post=2116"}],"version-history":[{"count":1,"href":"https:\/\/sopa.si\/hu\/wp-json\/wp\/v2\/pages\/2116\/revisions"}],"predecessor-version":[{"id":2195,"href":"https:\/\/sopa.si\/hu\/wp-json\/wp\/v2\/pages\/2116\/revisions\/2195"}],"up":[{"embeddable":true,"href":"https:\/\/sopa.si\/hu\/wp-json\/wp\/v2\/pages\/2126"}],"wp:attachment":[{"href":"https:\/\/sopa.si\/hu\/wp-json\/wp\/v2\/media?parent=2116"}],"curies":[{"name":"wp","href":"https:\/\/api.w.org\/{rel}","templated":true}]}}