{"id":2117,"date":"2020-03-23T12:42:06","date_gmt":"2020-03-23T12:42:06","guid":{"rendered":"https:\/\/www.sopa.si\/\/how-is-sopa-functioning\/"},"modified":"2020-03-23T13:10:28","modified_gmt":"2020-03-23T13:10:28","slug":"hogyan-mukodik","status":"publish","type":"page","link":"https:\/\/sopa.si\/hu\/sopa\/hogyan-mukodik\/","title":{"rendered":"Hogyan m\u0171k\u00f6dik"},"content":{"rendered":"<p>A SOPA k\u00fcl\u00f6nb\u00f6z\u0151 szakembereket \u00e9s a k\u00f6z\u00f6ss\u00e9g egy\u00e9b akt\u00edv tagjait k\u00e9pes\u00edti, hogy mindenki min\u00e9l t\u00f6bbsz\u00f6r t\u00e1j\u00e9koztat\u00e1st kaphat arr\u00f3l, milyen hat\u00e1ssal van az alkoholfogyaszt\u00e1s az eg\u00e9szs\u00e9g\u00e9re, minden egy\u00e9n ellen\u0151rizheti az alkoholfogyaszt\u00e1si st\u00e1tus\u00e1t \u00e9s \u2013 ha meg\u00e1llap\u00edtja, hogy az elfogyasztott alkohol mennyis\u00e9g\u00e9t \u00e9sszer\u0171 lenne cs\u00f6kkenteni \u2013, felv\u00e1llalja, hogy ezt min\u00e9l kisebb lemond\u00e1s\u00e9rzet n\u00e9lk\u00fcl tegye meg, azon j\u00f3 \u00e9rz\u00e9ssel, hogy ezzel hozz\u00e1j\u00e1rult jobb k\u00f6z\u00e9rzet\u00e9hez \u00e9s eg\u00e9szs\u00e9g\u00fcgyi \u00e1llapot\u00e1hoz. A projektaktivit\u00e1sok az elk\u00f6vetkez\u0151 h\u00e1rom \u00e9vben nemzeti, region\u00e1lis \u00e9s lok\u00e1lis szinten folynak, hiszen hat\u00e9konyak szeretn\u00e9nk lenni, terepi munk\u00e1t szeretn\u00e9nk v\u00e9gezni k\u00fcl\u00f6nb\u00f6z\u0151 egy\u00e9nekkel, hozz\u00e1tartoz\u00f3ikkal \u00e9s a k\u00f6z\u00f6ss\u00e9geken bel\u00fcl is. Ez az egyetlen m\u00f3dja annak, hogy t\u00e1rsadalmunkban megv\u00e1ltoztassuk az alkoholfogyaszt\u00e1shoz val\u00f3 viszonyul\u00e1sunkat. Ezenk\u00edv\u00fcl akt\u00edvan egy\u00fcttm\u0171k\u00f6d\u00fcnk a m\u00e9dia k\u00e9pvisel\u0151ivel is, akik a tartalmak kiv\u00e1laszt\u00e1s\u00e1val \u00e9s ezek bemutat\u00e1s\u00e1val hozz\u00e1j\u00e1rulnak a realit\u00e1s \u00e9s egyben szeml\u00e9letm\u00f3dunk kialak\u00edt\u00e1s\u00e1hoz is.<\/p>\n<h2>SOPA AKTIVIT\u00c1SOK<\/h2>\n<p>A SOPA projekt aktivit\u00e1sai k\u00f6z\u00e9 tartozik a szakemberk\u00e9pz\u00e9s, a projektben k\u00f6zrem\u0171k\u00f6d\u0151 szem\u00e9lyek egy\u00fcttm\u0171k\u00f6d\u00e9se helyi szinten, valamint az egy\u00e9nekkel val\u00f3 foglalkoz\u00e1s k\u00f6z\u00f6s m\u00f3dszer\u00e9nek kialak\u00edt\u00e1sa (KU1\u2013KU3).<\/p>\n<p>Az egys\u00e9ges alkoholfogyaszt\u00e1si politik\u00e1hoz valamennyi projektr\u00e9sztvev\u0151 jelent\u0151sen hozz\u00e1j\u00e1rulhat tud\u00e1s\u00e1val \u00e9s tapasztalataival. Ez csak valamennyi\u00fcnk k\u00f6zrem\u0171k\u00f6d\u00e9s\u00e9vel \u00e9s hozz\u00e1j\u00e1rul\u00e1s\u00e1val lesz eredm\u00e9nyes, ami egyben a projekt c\u00e9lkit\u0171z\u00e9se is.<\/p>\n<p><img loading=\"lazy\" decoding=\"async\" class=\"alignnone size-full wp-image-2190\" src=\"https:\/\/www.sopa.si\/\/wp-content\/uploads\/2020\/03\/activities-hu.jpg\" alt=\"\" width=\"609\" height=\"494\" srcset=\"https:\/\/sopa.si\/wp-content\/uploads\/2020\/03\/activities-hu.jpg 609w, https:\/\/sopa.si\/wp-content\/uploads\/2020\/03\/activities-hu-300x243.jpg 300w\" sizes=\"auto, (max-width: 609px) 100vw, 609px\" \/><\/p>\n","protected":false},"excerpt":{"rendered":"<p>A SOPA k\u00fcl\u00f6nb\u00f6z\u0151 szakembereket \u00e9s a k\u00f6z\u00f6ss\u00e9g egy\u00e9b akt\u00edv tagjait k\u00e9pes\u00edti, hogy mindenki min\u00e9l t\u00f6bbsz\u00f6r t\u00e1j\u00e9koztat\u00e1st kaphat arr\u00f3l, milyen hat\u00e1ssal van az alkoholfogyaszt\u00e1s az eg\u00e9szs\u00e9g\u00e9re, minden egy\u00e9n ellen\u0151rizheti az alkoholfogyaszt\u00e1si st\u00e1tus\u00e1t \u00e9s \u2013 ha meg\u00e1llap\u00edtja, hogy az elfogyasztott alkohol mennyis\u00e9g\u00e9t \u00e9sszer\u0171 lenne cs\u00f6kkenteni \u2013, felv\u00e1llalja, hogy ezt min\u00e9l kisebb lemond\u00e1s\u00e9rzet n\u00e9lk\u00fcl tegye meg, azon j\u00f3 [&hellip;]<\/p>\n","protected":false},"author":10,"featured_media":0,"parent":2126,"menu_order":3,"comment_status":"closed","ping_status":"closed","template":"","meta":{"_acf_changed":false,"footnotes":""},"class_list":["post-2117","page","type-page","status-publish","hentry"],"acf":[],"yoast_head":"<!-- This site is optimized with the Yoast SEO plugin v24.5 - https:\/\/yoast.com\/wordpress\/plugins\/seo\/ -->\n<title>Hogyan m\u0171k\u00f6dik &#187; Sopa<\/title>\n<meta name=\"robots\" content=\"index, follow, max-snippet:-1, max-image-preview:large, max-video-preview:-1\" \/>\n<link rel=\"canonical\" href=\"https:\/\/sopa.si\/hu\/sopa\/hogyan-mukodik\/\" \/>\n<meta property=\"og:locale\" content=\"hu_HU\" \/>\n<meta property=\"og:type\" content=\"article\" \/>\n<meta property=\"og:title\" content=\"Hogyan m\u0171k\u00f6dik &#187; Sopa\" \/>\n<meta property=\"og:description\" content=\"A SOPA k\u00fcl\u00f6nb\u00f6z\u0151 szakembereket \u00e9s a k\u00f6z\u00f6ss\u00e9g egy\u00e9b akt\u00edv tagjait k\u00e9pes\u00edti, hogy mindenki min\u00e9l t\u00f6bbsz\u00f6r t\u00e1j\u00e9koztat\u00e1st kaphat arr\u00f3l, milyen hat\u00e1ssal van az alkoholfogyaszt\u00e1s az eg\u00e9szs\u00e9g\u00e9re, minden egy\u00e9n ellen\u0151rizheti az alkoholfogyaszt\u00e1si st\u00e1tus\u00e1t \u00e9s \u2013 ha meg\u00e1llap\u00edtja, hogy az elfogyasztott alkohol mennyis\u00e9g\u00e9t \u00e9sszer\u0171 lenne cs\u00f6kkenteni \u2013, felv\u00e1llalja, hogy ezt min\u00e9l kisebb lemond\u00e1s\u00e9rzet n\u00e9lk\u00fcl tegye meg, azon j\u00f3 [&hellip;]\" \/>\n<meta property=\"og:url\" content=\"https:\/\/sopa.si\/hu\/sopa\/hogyan-mukodik\/\" \/>\n<meta property=\"og:site_name\" content=\"Sopa\" \/>\n<meta property=\"article:modified_time\" content=\"2020-03-23T13:10:28+00:00\" \/>\n<meta property=\"og:image\" content=\"https:\/\/www.sopa.si\/\/wp-content\/uploads\/2020\/03\/activities-hu.jpg\" \/>\n<meta name=\"twitter:card\" content=\"summary_large_image\" \/>\n<meta name=\"twitter:label1\" content=\"Becs\u00fclt olvas\u00e1si id\u0151\" \/>\n\t<meta name=\"twitter:data1\" content=\"2 perc\" \/>\n<script type=\"application\/ld+json\" class=\"yoast-schema-graph\">{\"@context\":\"https:\/\/schema.org\",\"@graph\":[{\"@type\":\"WebPage\",\"@id\":\"https:\/\/sopa.si\/hu\/sopa\/hogyan-mukodik\/\",\"url\":\"https:\/\/sopa.si\/hu\/sopa\/hogyan-mukodik\/\",\"name\":\"Hogyan m\u0171k\u00f6dik &#187; Sopa\",\"isPartOf\":{\"@id\":\"https:\/\/sopa.si\/hu\/#website\"},\"primaryImageOfPage\":{\"@id\":\"https:\/\/sopa.si\/hu\/sopa\/hogyan-mukodik\/#primaryimage\"},\"image\":{\"@id\":\"https:\/\/sopa.si\/hu\/sopa\/hogyan-mukodik\/#primaryimage\"},\"thumbnailUrl\":\"https:\/\/www.sopa.si\/\/wp-content\/uploads\/2020\/03\/activities-hu.jpg\",\"datePublished\":\"2020-03-23T12:42:06+00:00\",\"dateModified\":\"2020-03-23T13:10:28+00:00\",\"breadcrumb\":{\"@id\":\"https:\/\/sopa.si\/hu\/sopa\/hogyan-mukodik\/#breadcrumb\"},\"inLanguage\":\"hu\",\"potentialAction\":[{\"@type\":\"ReadAction\",\"target\":[\"https:\/\/sopa.si\/hu\/sopa\/hogyan-mukodik\/\"]}]},{\"@type\":\"ImageObject\",\"inLanguage\":\"hu\",\"@id\":\"https:\/\/sopa.si\/hu\/sopa\/hogyan-mukodik\/#primaryimage\",\"url\":\"https:\/\/www.sopa.si\/\/wp-content\/uploads\/2020\/03\/activities-hu.jpg\",\"contentUrl\":\"https:\/\/www.sopa.si\/\/wp-content\/uploads\/2020\/03\/activities-hu.jpg\"},{\"@type\":\"BreadcrumbList\",\"@id\":\"https:\/\/sopa.si\/hu\/sopa\/hogyan-mukodik\/#breadcrumb\",\"itemListElement\":[{\"@type\":\"ListItem\",\"position\":1,\"name\":\"Domov\",\"item\":\"https:\/\/sopa.si\/hu\/\"},{\"@type\":\"ListItem\",\"position\":2,\"name\":\"Sopa\",\"item\":\"https:\/\/sopa.si\/hu\/sopa\/\"},{\"@type\":\"ListItem\",\"position\":3,\"name\":\"Hogyan m\u0171k\u00f6dik\"}]},{\"@type\":\"WebSite\",\"@id\":\"https:\/\/sopa.si\/hu\/#website\",\"url\":\"https:\/\/sopa.si\/hu\/\",\"name\":\"Sopa\",\"description\":\"Just another WordPress site\",\"potentialAction\":[{\"@type\":\"SearchAction\",\"target\":{\"@type\":\"EntryPoint\",\"urlTemplate\":\"https:\/\/sopa.si\/hu\/?s={search_term_string}\"},\"query-input\":{\"@type\":\"PropertyValueSpecification\",\"valueRequired\":true,\"valueName\":\"search_term_string\"}}],\"inLanguage\":\"hu\"}]}<\/script>\n<!-- \/ Yoast SEO plugin. -->","yoast_head_json":{"title":"Hogyan m\u0171k\u00f6dik &#187; Sopa","robots":{"index":"index","follow":"follow","max-snippet":"max-snippet:-1","max-image-preview":"max-image-preview:large","max-video-preview":"max-video-preview:-1"},"canonical":"https:\/\/sopa.si\/hu\/sopa\/hogyan-mukodik\/","og_locale":"hu_HU","og_type":"article","og_title":"Hogyan m\u0171k\u00f6dik &#187; Sopa","og_description":"A SOPA k\u00fcl\u00f6nb\u00f6z\u0151 szakembereket \u00e9s a k\u00f6z\u00f6ss\u00e9g egy\u00e9b akt\u00edv tagjait k\u00e9pes\u00edti, hogy mindenki min\u00e9l t\u00f6bbsz\u00f6r t\u00e1j\u00e9koztat\u00e1st kaphat arr\u00f3l, milyen hat\u00e1ssal van az alkoholfogyaszt\u00e1s az eg\u00e9szs\u00e9g\u00e9re, minden egy\u00e9n ellen\u0151rizheti az alkoholfogyaszt\u00e1si st\u00e1tus\u00e1t \u00e9s \u2013 ha meg\u00e1llap\u00edtja, hogy az elfogyasztott alkohol mennyis\u00e9g\u00e9t \u00e9sszer\u0171 lenne cs\u00f6kkenteni \u2013, felv\u00e1llalja, hogy ezt min\u00e9l kisebb lemond\u00e1s\u00e9rzet n\u00e9lk\u00fcl tegye meg, azon j\u00f3 [&hellip;]","og_url":"https:\/\/sopa.si\/hu\/sopa\/hogyan-mukodik\/","og_site_name":"Sopa","article_modified_time":"2020-03-23T13:10:28+00:00","og_image":[{"url":"https:\/\/www.sopa.si\/\/wp-content\/uploads\/2020\/03\/activities-hu.jpg","type":"","width":"","height":""}],"twitter_card":"summary_large_image","twitter_misc":{"Becs\u00fclt olvas\u00e1si id\u0151":"2 perc"},"schema":{"@context":"https:\/\/schema.org","@graph":[{"@type":"WebPage","@id":"https:\/\/sopa.si\/hu\/sopa\/hogyan-mukodik\/","url":"https:\/\/sopa.si\/hu\/sopa\/hogyan-mukodik\/","name":"Hogyan m\u0171k\u00f6dik &#187; Sopa","isPartOf":{"@id":"https:\/\/sopa.si\/hu\/#website"},"primaryImageOfPage":{"@id":"https:\/\/sopa.si\/hu\/sopa\/hogyan-mukodik\/#primaryimage"},"image":{"@id":"https:\/\/sopa.si\/hu\/sopa\/hogyan-mukodik\/#primaryimage"},"thumbnailUrl":"https:\/\/www.sopa.si\/\/wp-content\/uploads\/2020\/03\/activities-hu.jpg","datePublished":"2020-03-23T12:42:06+00:00","dateModified":"2020-03-23T13:10:28+00:00","breadcrumb":{"@id":"https:\/\/sopa.si\/hu\/sopa\/hogyan-mukodik\/#breadcrumb"},"inLanguage":"hu","potentialAction":[{"@type":"ReadAction","target":["https:\/\/sopa.si\/hu\/sopa\/hogyan-mukodik\/"]}]},{"@type":"ImageObject","inLanguage":"hu","@id":"https:\/\/sopa.si\/hu\/sopa\/hogyan-mukodik\/#primaryimage","url":"https:\/\/www.sopa.si\/\/wp-content\/uploads\/2020\/03\/activities-hu.jpg","contentUrl":"https:\/\/www.sopa.si\/\/wp-content\/uploads\/2020\/03\/activities-hu.jpg"},{"@type":"BreadcrumbList","@id":"https:\/\/sopa.si\/hu\/sopa\/hogyan-mukodik\/#breadcrumb","itemListElement":[{"@type":"ListItem","position":1,"name":"Domov","item":"https:\/\/sopa.si\/hu\/"},{"@type":"ListItem","position":2,"name":"Sopa","item":"https:\/\/sopa.si\/hu\/sopa\/"},{"@type":"ListItem","position":3,"name":"Hogyan m\u0171k\u00f6dik"}]},{"@type":"WebSite","@id":"https:\/\/sopa.si\/hu\/#website","url":"https:\/\/sopa.si\/hu\/","name":"Sopa","description":"Just another WordPress site","potentialAction":[{"@type":"SearchAction","target":{"@type":"EntryPoint","urlTemplate":"https:\/\/sopa.si\/hu\/?s={search_term_string}"},"query-input":{"@type":"PropertyValueSpecification","valueRequired":true,"valueName":"search_term_string"}}],"inLanguage":"hu"}]}},"_links":{"self":[{"href":"https:\/\/sopa.si\/hu\/wp-json\/wp\/v2\/pages\/2117","targetHints":{"allow":["GET"]}}],"collection":[{"href":"https:\/\/sopa.si\/hu\/wp-json\/wp\/v2\/pages"}],"about":[{"href":"https:\/\/sopa.si\/hu\/wp-json\/wp\/v2\/types\/page"}],"author":[{"embeddable":true,"href":"https:\/\/sopa.si\/hu\/wp-json\/wp\/v2\/users\/10"}],"replies":[{"embeddable":true,"href":"https:\/\/sopa.si\/hu\/wp-json\/wp\/v2\/comments?post=2117"}],"version-history":[{"count":2,"href":"https:\/\/sopa.si\/hu\/wp-json\/wp\/v2\/pages\/2117\/revisions"}],"predecessor-version":[{"id":2194,"href":"https:\/\/sopa.si\/hu\/wp-json\/wp\/v2\/pages\/2117\/revisions\/2194"}],"up":[{"embeddable":true,"href":"https:\/\/sopa.si\/hu\/wp-json\/wp\/v2\/pages\/2126"}],"wp:attachment":[{"href":"https:\/\/sopa.si\/hu\/wp-json\/wp\/v2\/media?parent=2117"}],"curies":[{"name":"wp","href":"https:\/\/api.w.org\/{rel}","templated":true}]}}