{"id":2119,"date":"2020-03-23T12:40:53","date_gmt":"2020-03-23T12:40:53","guid":{"rendered":"https:\/\/www.sopa.si\/\/what-is-sopa\/"},"modified":"2020-03-23T13:09:10","modified_gmt":"2020-03-23T13:09:10","slug":"mi-a-sopa","status":"publish","type":"page","link":"https:\/\/sopa.si\/hu\/sopa\/mi-a-sopa\/","title":{"rendered":"Mi a SOPA?"},"content":{"rendered":"<p>A SOPA r\u00f6vid\u00edt\u00e9s jelent\u00e9se: Egy\u00fctt a felel\u0151ss\u00e9gteljes alkoholfogyaszt\u00e1s\u00e9rt.\u00a0 A SOPA projekt 2016 okt\u00f3ber\u00e9ben kezd\u0151d\u00f6tt \u00e9s 2020 december\u00e9ig tart.<\/p>\n<p>A projekt alapvet\u0151 c\u00e9lkit\u0171z\u00e9se Szlov\u00e9ni\u00e1ban cs\u00f6kkenteni a nagym\u00e9rt\u00e9k\u0171 alkoholfogyaszt\u00e1st a feln\u0151tt lakoss\u00e1g k\u00f6r\u00e9ben \u00e9s ezzel megakad\u00e1lyozni a negat\u00edv k\u00f6vetkezm\u00e9nyeket, amelyeket a kock\u00e1zatos \u00e9s k\u00e1ros alkoholfogyaszt\u00e1s okoz az egy\u00e9nnek, hozz\u00e1tartoz\u00f3inak \u00e9s sz\u00e9lesebb k\u00f6rnyezet\u00e9nek.<\/p>\n<p>Ezt interdiszciplin\u00e1ris hozz\u00e1\u00e1ll\u00e1ssal \u00e9s k\u00fcl\u00f6nb\u00f6z\u0151 szf\u00e9r\u00e1k bevon\u00e1s\u00e1val szeretn\u00e9nk el\u00e9rni, \u00e9spedig az eg\u00e9szs\u00e9g\u00fcgyi \u00e9s szoci\u00e1lis szf\u00e9ra, a civil szervezetek, a k\u00f6zs\u00e9gek, a rend\u0151rs\u00e9g \u00e9s a m\u00e9dia k\u00e9pvisle\u0151inek bevon\u00e1s\u00e1val. Egys\u00e9ges javaslatot k\u00e9sz\u00edt\u00fcnk a SOPA megk\u00f6zel\u00edt\u00e9s bevezet\u00e9s\u00e9re rendszerbeli szinten a projektid\u0151szak befejez\u00e9se ut\u00e1n is.<\/p>\n<p><img loading=\"lazy\" decoding=\"async\" class=\"alignnone size-full wp-image-2180\" src=\"https:\/\/www.sopa.si\/\/wp-content\/uploads\/2020\/03\/info1-hu.jpg\" alt=\"\" width=\"573\" height=\"1130\" srcset=\"https:\/\/sopa.si\/wp-content\/uploads\/2020\/03\/info1-hu.jpg 573w, https:\/\/sopa.si\/wp-content\/uploads\/2020\/03\/info1-hu-152x300.jpg 152w, https:\/\/sopa.si\/wp-content\/uploads\/2020\/03\/info1-hu-519x1024.jpg 519w\" sizes=\"auto, (max-width: 573px) 100vw, 573px\" \/><\/p>\n","protected":false},"excerpt":{"rendered":"<p>A SOPA r\u00f6vid\u00edt\u00e9s jelent\u00e9se: Egy\u00fctt a felel\u0151ss\u00e9gteljes alkoholfogyaszt\u00e1s\u00e9rt.\u00a0 A SOPA projekt 2016 okt\u00f3ber\u00e9ben kezd\u0151d\u00f6tt \u00e9s 2020 december\u00e9ig tart. A projekt alapvet\u0151 c\u00e9lkit\u0171z\u00e9se Szlov\u00e9ni\u00e1ban cs\u00f6kkenteni a nagym\u00e9rt\u00e9k\u0171 alkoholfogyaszt\u00e1st a feln\u0151tt lakoss\u00e1g k\u00f6r\u00e9ben \u00e9s ezzel megakad\u00e1lyozni a negat\u00edv k\u00f6vetkezm\u00e9nyeket, amelyeket a kock\u00e1zatos \u00e9s k\u00e1ros alkoholfogyaszt\u00e1s okoz az egy\u00e9nnek, hozz\u00e1tartoz\u00f3inak \u00e9s sz\u00e9lesebb k\u00f6rnyezet\u00e9nek. Ezt interdiszciplin\u00e1ris hozz\u00e1\u00e1ll\u00e1ssal \u00e9s k\u00fcl\u00f6nb\u00f6z\u0151 [&hellip;]<\/p>\n","protected":false},"author":10,"featured_media":0,"parent":2126,"menu_order":0,"comment_status":"closed","ping_status":"closed","template":"","meta":{"_acf_changed":false,"footnotes":""},"class_list":["post-2119","page","type-page","status-publish","hentry"],"acf":[],"yoast_head":"<!-- This site is optimized with the Yoast SEO plugin v24.5 - https:\/\/yoast.com\/wordpress\/plugins\/seo\/ -->\n<title>Mi a SOPA? &#187; Sopa<\/title>\n<meta name=\"robots\" content=\"index, follow, max-snippet:-1, max-image-preview:large, max-video-preview:-1\" \/>\n<link rel=\"canonical\" href=\"https:\/\/sopa.si\/hu\/sopa\/mi-a-sopa\/\" \/>\n<meta property=\"og:locale\" content=\"hu_HU\" \/>\n<meta property=\"og:type\" content=\"article\" \/>\n<meta property=\"og:title\" content=\"Mi a SOPA? &#187; Sopa\" \/>\n<meta property=\"og:description\" content=\"A SOPA r\u00f6vid\u00edt\u00e9s jelent\u00e9se: Egy\u00fctt a felel\u0151ss\u00e9gteljes alkoholfogyaszt\u00e1s\u00e9rt.\u00a0 A SOPA projekt 2016 okt\u00f3ber\u00e9ben kezd\u0151d\u00f6tt \u00e9s 2020 december\u00e9ig tart. A projekt alapvet\u0151 c\u00e9lkit\u0171z\u00e9se Szlov\u00e9ni\u00e1ban cs\u00f6kkenteni a nagym\u00e9rt\u00e9k\u0171 alkoholfogyaszt\u00e1st a feln\u0151tt lakoss\u00e1g k\u00f6r\u00e9ben \u00e9s ezzel megakad\u00e1lyozni a negat\u00edv k\u00f6vetkezm\u00e9nyeket, amelyeket a kock\u00e1zatos \u00e9s k\u00e1ros alkoholfogyaszt\u00e1s okoz az egy\u00e9nnek, hozz\u00e1tartoz\u00f3inak \u00e9s sz\u00e9lesebb k\u00f6rnyezet\u00e9nek. Ezt interdiszciplin\u00e1ris hozz\u00e1\u00e1ll\u00e1ssal \u00e9s k\u00fcl\u00f6nb\u00f6z\u0151 [&hellip;]\" \/>\n<meta property=\"og:url\" content=\"https:\/\/sopa.si\/hu\/sopa\/mi-a-sopa\/\" \/>\n<meta property=\"og:site_name\" content=\"Sopa\" \/>\n<meta property=\"article:modified_time\" content=\"2020-03-23T13:09:10+00:00\" \/>\n<meta property=\"og:image\" content=\"https:\/\/www.sopa.si\/\/wp-content\/uploads\/2020\/03\/info1-hu.jpg\" \/>\n<meta name=\"twitter:card\" content=\"summary_large_image\" \/>\n<meta name=\"twitter:label1\" content=\"Becs\u00fclt olvas\u00e1si id\u0151\" \/>\n\t<meta name=\"twitter:data1\" content=\"1 perc\" \/>\n<script type=\"application\/ld+json\" class=\"yoast-schema-graph\">{\"@context\":\"https:\/\/schema.org\",\"@graph\":[{\"@type\":\"WebPage\",\"@id\":\"https:\/\/sopa.si\/hu\/sopa\/mi-a-sopa\/\",\"url\":\"https:\/\/sopa.si\/hu\/sopa\/mi-a-sopa\/\",\"name\":\"Mi a SOPA? &#187; Sopa\",\"isPartOf\":{\"@id\":\"https:\/\/sopa.si\/hu\/#website\"},\"primaryImageOfPage\":{\"@id\":\"https:\/\/sopa.si\/hu\/sopa\/mi-a-sopa\/#primaryimage\"},\"image\":{\"@id\":\"https:\/\/sopa.si\/hu\/sopa\/mi-a-sopa\/#primaryimage\"},\"thumbnailUrl\":\"https:\/\/www.sopa.si\/\/wp-content\/uploads\/2020\/03\/info1-hu.jpg\",\"datePublished\":\"2020-03-23T12:40:53+00:00\",\"dateModified\":\"2020-03-23T13:09:10+00:00\",\"breadcrumb\":{\"@id\":\"https:\/\/sopa.si\/hu\/sopa\/mi-a-sopa\/#breadcrumb\"},\"inLanguage\":\"hu\",\"potentialAction\":[{\"@type\":\"ReadAction\",\"target\":[\"https:\/\/sopa.si\/hu\/sopa\/mi-a-sopa\/\"]}]},{\"@type\":\"ImageObject\",\"inLanguage\":\"hu\",\"@id\":\"https:\/\/sopa.si\/hu\/sopa\/mi-a-sopa\/#primaryimage\",\"url\":\"https:\/\/www.sopa.si\/\/wp-content\/uploads\/2020\/03\/info1-hu.jpg\",\"contentUrl\":\"https:\/\/www.sopa.si\/\/wp-content\/uploads\/2020\/03\/info1-hu.jpg\"},{\"@type\":\"BreadcrumbList\",\"@id\":\"https:\/\/sopa.si\/hu\/sopa\/mi-a-sopa\/#breadcrumb\",\"itemListElement\":[{\"@type\":\"ListItem\",\"position\":1,\"name\":\"Domov\",\"item\":\"https:\/\/sopa.si\/hu\/\"},{\"@type\":\"ListItem\",\"position\":2,\"name\":\"Sopa\",\"item\":\"https:\/\/sopa.si\/hu\/sopa\/\"},{\"@type\":\"ListItem\",\"position\":3,\"name\":\"Mi a SOPA?\"}]},{\"@type\":\"WebSite\",\"@id\":\"https:\/\/sopa.si\/hu\/#website\",\"url\":\"https:\/\/sopa.si\/hu\/\",\"name\":\"Sopa\",\"description\":\"Just another WordPress site\",\"potentialAction\":[{\"@type\":\"SearchAction\",\"target\":{\"@type\":\"EntryPoint\",\"urlTemplate\":\"https:\/\/sopa.si\/hu\/?s={search_term_string}\"},\"query-input\":{\"@type\":\"PropertyValueSpecification\",\"valueRequired\":true,\"valueName\":\"search_term_string\"}}],\"inLanguage\":\"hu\"}]}<\/script>\n<!-- \/ Yoast SEO plugin. -->","yoast_head_json":{"title":"Mi a SOPA? &#187; Sopa","robots":{"index":"index","follow":"follow","max-snippet":"max-snippet:-1","max-image-preview":"max-image-preview:large","max-video-preview":"max-video-preview:-1"},"canonical":"https:\/\/sopa.si\/hu\/sopa\/mi-a-sopa\/","og_locale":"hu_HU","og_type":"article","og_title":"Mi a SOPA? &#187; Sopa","og_description":"A SOPA r\u00f6vid\u00edt\u00e9s jelent\u00e9se: Egy\u00fctt a felel\u0151ss\u00e9gteljes alkoholfogyaszt\u00e1s\u00e9rt.\u00a0 A SOPA projekt 2016 okt\u00f3ber\u00e9ben kezd\u0151d\u00f6tt \u00e9s 2020 december\u00e9ig tart. A projekt alapvet\u0151 c\u00e9lkit\u0171z\u00e9se Szlov\u00e9ni\u00e1ban cs\u00f6kkenteni a nagym\u00e9rt\u00e9k\u0171 alkoholfogyaszt\u00e1st a feln\u0151tt lakoss\u00e1g k\u00f6r\u00e9ben \u00e9s ezzel megakad\u00e1lyozni a negat\u00edv k\u00f6vetkezm\u00e9nyeket, amelyeket a kock\u00e1zatos \u00e9s k\u00e1ros alkoholfogyaszt\u00e1s okoz az egy\u00e9nnek, hozz\u00e1tartoz\u00f3inak \u00e9s sz\u00e9lesebb k\u00f6rnyezet\u00e9nek. Ezt interdiszciplin\u00e1ris hozz\u00e1\u00e1ll\u00e1ssal \u00e9s k\u00fcl\u00f6nb\u00f6z\u0151 [&hellip;]","og_url":"https:\/\/sopa.si\/hu\/sopa\/mi-a-sopa\/","og_site_name":"Sopa","article_modified_time":"2020-03-23T13:09:10+00:00","og_image":[{"url":"https:\/\/www.sopa.si\/\/wp-content\/uploads\/2020\/03\/info1-hu.jpg","type":"","width":"","height":""}],"twitter_card":"summary_large_image","twitter_misc":{"Becs\u00fclt olvas\u00e1si id\u0151":"1 perc"},"schema":{"@context":"https:\/\/schema.org","@graph":[{"@type":"WebPage","@id":"https:\/\/sopa.si\/hu\/sopa\/mi-a-sopa\/","url":"https:\/\/sopa.si\/hu\/sopa\/mi-a-sopa\/","name":"Mi a SOPA? &#187; Sopa","isPartOf":{"@id":"https:\/\/sopa.si\/hu\/#website"},"primaryImageOfPage":{"@id":"https:\/\/sopa.si\/hu\/sopa\/mi-a-sopa\/#primaryimage"},"image":{"@id":"https:\/\/sopa.si\/hu\/sopa\/mi-a-sopa\/#primaryimage"},"thumbnailUrl":"https:\/\/www.sopa.si\/\/wp-content\/uploads\/2020\/03\/info1-hu.jpg","datePublished":"2020-03-23T12:40:53+00:00","dateModified":"2020-03-23T13:09:10+00:00","breadcrumb":{"@id":"https:\/\/sopa.si\/hu\/sopa\/mi-a-sopa\/#breadcrumb"},"inLanguage":"hu","potentialAction":[{"@type":"ReadAction","target":["https:\/\/sopa.si\/hu\/sopa\/mi-a-sopa\/"]}]},{"@type":"ImageObject","inLanguage":"hu","@id":"https:\/\/sopa.si\/hu\/sopa\/mi-a-sopa\/#primaryimage","url":"https:\/\/www.sopa.si\/\/wp-content\/uploads\/2020\/03\/info1-hu.jpg","contentUrl":"https:\/\/www.sopa.si\/\/wp-content\/uploads\/2020\/03\/info1-hu.jpg"},{"@type":"BreadcrumbList","@id":"https:\/\/sopa.si\/hu\/sopa\/mi-a-sopa\/#breadcrumb","itemListElement":[{"@type":"ListItem","position":1,"name":"Domov","item":"https:\/\/sopa.si\/hu\/"},{"@type":"ListItem","position":2,"name":"Sopa","item":"https:\/\/sopa.si\/hu\/sopa\/"},{"@type":"ListItem","position":3,"name":"Mi a SOPA?"}]},{"@type":"WebSite","@id":"https:\/\/sopa.si\/hu\/#website","url":"https:\/\/sopa.si\/hu\/","name":"Sopa","description":"Just another WordPress site","potentialAction":[{"@type":"SearchAction","target":{"@type":"EntryPoint","urlTemplate":"https:\/\/sopa.si\/hu\/?s={search_term_string}"},"query-input":{"@type":"PropertyValueSpecification","valueRequired":true,"valueName":"search_term_string"}}],"inLanguage":"hu"}]}},"_links":{"self":[{"href":"https:\/\/sopa.si\/hu\/wp-json\/wp\/v2\/pages\/2119","targetHints":{"allow":["GET"]}}],"collection":[{"href":"https:\/\/sopa.si\/hu\/wp-json\/wp\/v2\/pages"}],"about":[{"href":"https:\/\/sopa.si\/hu\/wp-json\/wp\/v2\/types\/page"}],"author":[{"embeddable":true,"href":"https:\/\/sopa.si\/hu\/wp-json\/wp\/v2\/users\/10"}],"replies":[{"embeddable":true,"href":"https:\/\/sopa.si\/hu\/wp-json\/wp\/v2\/comments?post=2119"}],"version-history":[{"count":1,"href":"https:\/\/sopa.si\/hu\/wp-json\/wp\/v2\/pages\/2119\/revisions"}],"predecessor-version":[{"id":2184,"href":"https:\/\/sopa.si\/hu\/wp-json\/wp\/v2\/pages\/2119\/revisions\/2184"}],"up":[{"embeddable":true,"href":"https:\/\/sopa.si\/hu\/wp-json\/wp\/v2\/pages\/2126"}],"wp:attachment":[{"href":"https:\/\/sopa.si\/hu\/wp-json\/wp\/v2\/media?parent=2119"}],"curies":[{"name":"wp","href":"https:\/\/api.w.org\/{rel}","templated":true}]}}