{"id":2121,"date":"2020-03-23T12:39:41","date_gmt":"2020-03-23T12:39:41","guid":{"rendered":"https:\/\/www.sopa.si\/\/slovenia-and-alcohol\/"},"modified":"2020-03-23T13:07:54","modified_gmt":"2020-03-23T13:07:54","slug":"szlovenia-es-alkohol","status":"publish","type":"page","link":"https:\/\/sopa.si\/hu\/alkohol\/szlovenia-es-alkohol\/","title":{"rendered":"Szlov\u00e9nia \u00e9s alkohol"},"content":{"rendered":"<p>Szlov\u00e9nia, m\u00e1s Eur\u00f3pai Uni\u00f3s orsz\u00e1gokkal, Norv\u00e9gi\u00e1val \u00e9s Sv\u00e1jccal, az Eg\u00e9szs\u00e9g\u00fcgyi Vil\u00e1gszervezet adatai szerint olyan r\u00e9gi\u00f3t k\u00e9pez, ahol a vil\u00e1gon a legnagyobb ar\u00e1nyban \u00e9lnek olyanok, akik legt\u00f6bb alkoholt fogyasztanak. Ezen a ter\u00fcleten k\u00e9tszer annyi alkohol fogy el, mint a vil\u00e1g m\u00e1s ter\u00fcletein. Szlov\u00e9nia ezen az \u00f6vezeten bel\u00fcl is kimagaslik. A 2003-t\u00f3l 2014-ig tart\u00f3 id\u0151szakban, a tiszta alkohol fogyaszt\u00e1s\u00e1nak ar\u00e1nya literenk\u00e9nt a 15 \u00e9vn\u00e9l id\u0151sebb lakosokra n\u00e9zve magasabb, mint az eml\u00edtett r\u00e9gi\u00f3 \u00e9s mint az EU[1] \u00e1tlaga. Szlov\u00e9nia az Eur\u00f3pai Uni\u00f3 statisztik\u00e1j\u00e1nak a cs\u00facs\u00e1n foglal helyet a k\u00e1ros alkoholfogyaszt\u00e1s k\u00f6vetkezm\u00e9nyeinek a mennyis\u00e9g\u00e9ben is. A Nemzeti K\u00f6zeg\u00e9szs\u00e9g\u00fcgyi Int\u00e9zet sz\u00e1m\u00edt\u00e1sa szerint, az alkohol nyilv\u00e1ntartott fogyaszt\u00e1sa 2016-ban Szlov\u00e9ni\u00e1ban 15 \u00e9vn\u00e9l id\u0151sebb koroszt\u00e1lyn\u00e1l 10,5 l tiszta alkoholt tett ki lakosonk\u00e9nt.<\/p>\n<p>Az alkohol t\u00falzott fogyaszt\u00e1sa, jelent\u0151s anyagi terhet jelent az \u00e1llam r\u00e9sz\u00e9re. Az alkohol fogyaszt\u00e1s\u00e1nak k\u00f6lts\u00e9ge 2011-2014 k\u00f6z\u00f6tt \u00e1tlagosan 153 milli\u00f3 eur\u00f3t tett ki \u00e9vente[2], amennyiben pedig hozz\u00e1sz\u00e1moljuk a k\u00f6zleked\u00e9si balesetek sz\u00e1m\u00e1t, a csal\u00e1di er\u0151szakot \u00e9s m\u00e1s b\u0171nt\u00e9nyeket, akkor ez a t\u00e9tel 234 milli\u00f3ra emelkedik(!).<\/p>\n<p>[1] Nemzeti K\u00f6zeg\u00e9szs\u00e9g\u00fcgyi Int\u00e9zet, 2017. A nyilv\u00e1ntartott alkoholfogyaszt\u00e1s Szlov\u00e9ni\u00e1ban 2015-ben n\u00f6vekedett \u00e9s a k\u00f6zeg\u00e9szs\u00e9g szempontj\u00e1b\u00f3l m\u00e9g mindig t\u00falzott. (<a href=\"http:\/\/www.nijz.si\">www.nijz.si<\/a>).<\/p>\n<p>[2] Sedlak, S., Zaletel, M., Zorko, M., Kasesnik, K. A kock\u00e1zatos \u00e9s k\u00e1ros alkoholfogyaszt\u00e1s k\u00f6zgazdas\u00e1gi k\u00f6vetkezm\u00e9nyei Szlov\u00e9ni\u00e1ban.\u00a0 Ljubljana: NKI, 2014. V Ro\u0161kar, M. et al. Alkoholfogyaszt\u00e1si politika Szlov\u00e9ni\u00e1ban. Alkalom a k\u00e1rok \u00e9s k\u00f6lts\u00e9gek cs\u00f6kkent\u00e9s\u00e9re. Ljubljana: NIJZ, 2016.<\/p>\n","protected":false},"excerpt":{"rendered":"<p>Szlov\u00e9nia, m\u00e1s Eur\u00f3pai Uni\u00f3s orsz\u00e1gokkal, Norv\u00e9gi\u00e1val \u00e9s Sv\u00e1jccal, az Eg\u00e9szs\u00e9g\u00fcgyi Vil\u00e1gszervezet adatai szerint olyan r\u00e9gi\u00f3t k\u00e9pez, ahol a vil\u00e1gon a legnagyobb ar\u00e1nyban \u00e9lnek olyanok, akik legt\u00f6bb alkoholt fogyasztanak. Ezen a ter\u00fcleten k\u00e9tszer annyi alkohol fogy el, mint a vil\u00e1g m\u00e1s ter\u00fcletein. Szlov\u00e9nia ezen az \u00f6vezeten bel\u00fcl is kimagaslik. A 2003-t\u00f3l 2014-ig tart\u00f3 id\u0151szakban, a tiszta [&hellip;]<\/p>\n","protected":false},"author":10,"featured_media":0,"parent":2131,"menu_order":2,"comment_status":"closed","ping_status":"closed","template":"","meta":{"_acf_changed":false,"footnotes":""},"class_list":["post-2121","page","type-page","status-publish","hentry"],"acf":[],"yoast_head":"<!-- This site is optimized with the Yoast SEO plugin v24.5 - https:\/\/yoast.com\/wordpress\/plugins\/seo\/ -->\n<title>Szlov\u00e9nia \u00e9s alkohol &#187; Sopa<\/title>\n<meta name=\"robots\" content=\"index, follow, max-snippet:-1, max-image-preview:large, max-video-preview:-1\" \/>\n<link rel=\"canonical\" href=\"https:\/\/sopa.si\/hu\/alkohol\/szlovenia-es-alkohol\/\" \/>\n<meta property=\"og:locale\" content=\"hu_HU\" \/>\n<meta property=\"og:type\" content=\"article\" \/>\n<meta property=\"og:title\" content=\"Szlov\u00e9nia \u00e9s alkohol &#187; Sopa\" \/>\n<meta property=\"og:description\" content=\"Szlov\u00e9nia, m\u00e1s Eur\u00f3pai Uni\u00f3s orsz\u00e1gokkal, Norv\u00e9gi\u00e1val \u00e9s Sv\u00e1jccal, az Eg\u00e9szs\u00e9g\u00fcgyi Vil\u00e1gszervezet adatai szerint olyan r\u00e9gi\u00f3t k\u00e9pez, ahol a vil\u00e1gon a legnagyobb ar\u00e1nyban \u00e9lnek olyanok, akik legt\u00f6bb alkoholt fogyasztanak. Ezen a ter\u00fcleten k\u00e9tszer annyi alkohol fogy el, mint a vil\u00e1g m\u00e1s ter\u00fcletein. Szlov\u00e9nia ezen az \u00f6vezeten bel\u00fcl is kimagaslik. A 2003-t\u00f3l 2014-ig tart\u00f3 id\u0151szakban, a tiszta [&hellip;]\" \/>\n<meta property=\"og:url\" content=\"https:\/\/sopa.si\/hu\/alkohol\/szlovenia-es-alkohol\/\" \/>\n<meta property=\"og:site_name\" content=\"Sopa\" \/>\n<meta property=\"article:modified_time\" content=\"2020-03-23T13:07:54+00:00\" \/>\n<meta name=\"twitter:card\" content=\"summary_large_image\" \/>\n<meta name=\"twitter:label1\" content=\"Becs\u00fclt olvas\u00e1si id\u0151\" \/>\n\t<meta name=\"twitter:data1\" content=\"2 perc\" \/>\n<script type=\"application\/ld+json\" class=\"yoast-schema-graph\">{\"@context\":\"https:\/\/schema.org\",\"@graph\":[{\"@type\":\"WebPage\",\"@id\":\"https:\/\/sopa.si\/hu\/alkohol\/szlovenia-es-alkohol\/\",\"url\":\"https:\/\/sopa.si\/hu\/alkohol\/szlovenia-es-alkohol\/\",\"name\":\"Szlov\u00e9nia \u00e9s alkohol &#187; Sopa\",\"isPartOf\":{\"@id\":\"https:\/\/sopa.si\/hu\/#website\"},\"datePublished\":\"2020-03-23T12:39:41+00:00\",\"dateModified\":\"2020-03-23T13:07:54+00:00\",\"breadcrumb\":{\"@id\":\"https:\/\/sopa.si\/hu\/alkohol\/szlovenia-es-alkohol\/#breadcrumb\"},\"inLanguage\":\"hu\",\"potentialAction\":[{\"@type\":\"ReadAction\",\"target\":[\"https:\/\/sopa.si\/hu\/alkohol\/szlovenia-es-alkohol\/\"]}]},{\"@type\":\"BreadcrumbList\",\"@id\":\"https:\/\/sopa.si\/hu\/alkohol\/szlovenia-es-alkohol\/#breadcrumb\",\"itemListElement\":[{\"@type\":\"ListItem\",\"position\":1,\"name\":\"Domov\",\"item\":\"https:\/\/sopa.si\/hu\/\"},{\"@type\":\"ListItem\",\"position\":2,\"name\":\"Alkohol\",\"item\":\"https:\/\/sopa.si\/hu\/alkohol\/\"},{\"@type\":\"ListItem\",\"position\":3,\"name\":\"Szlov\u00e9nia \u00e9s alkohol\"}]},{\"@type\":\"WebSite\",\"@id\":\"https:\/\/sopa.si\/hu\/#website\",\"url\":\"https:\/\/sopa.si\/hu\/\",\"name\":\"Sopa\",\"description\":\"Just another WordPress site\",\"potentialAction\":[{\"@type\":\"SearchAction\",\"target\":{\"@type\":\"EntryPoint\",\"urlTemplate\":\"https:\/\/sopa.si\/hu\/?s={search_term_string}\"},\"query-input\":{\"@type\":\"PropertyValueSpecification\",\"valueRequired\":true,\"valueName\":\"search_term_string\"}}],\"inLanguage\":\"hu\"}]}<\/script>\n<!-- \/ Yoast SEO plugin. -->","yoast_head_json":{"title":"Szlov\u00e9nia \u00e9s alkohol &#187; Sopa","robots":{"index":"index","follow":"follow","max-snippet":"max-snippet:-1","max-image-preview":"max-image-preview:large","max-video-preview":"max-video-preview:-1"},"canonical":"https:\/\/sopa.si\/hu\/alkohol\/szlovenia-es-alkohol\/","og_locale":"hu_HU","og_type":"article","og_title":"Szlov\u00e9nia \u00e9s alkohol &#187; Sopa","og_description":"Szlov\u00e9nia, m\u00e1s Eur\u00f3pai Uni\u00f3s orsz\u00e1gokkal, Norv\u00e9gi\u00e1val \u00e9s Sv\u00e1jccal, az Eg\u00e9szs\u00e9g\u00fcgyi Vil\u00e1gszervezet adatai szerint olyan r\u00e9gi\u00f3t k\u00e9pez, ahol a vil\u00e1gon a legnagyobb ar\u00e1nyban \u00e9lnek olyanok, akik legt\u00f6bb alkoholt fogyasztanak. Ezen a ter\u00fcleten k\u00e9tszer annyi alkohol fogy el, mint a vil\u00e1g m\u00e1s ter\u00fcletein. Szlov\u00e9nia ezen az \u00f6vezeten bel\u00fcl is kimagaslik. A 2003-t\u00f3l 2014-ig tart\u00f3 id\u0151szakban, a tiszta [&hellip;]","og_url":"https:\/\/sopa.si\/hu\/alkohol\/szlovenia-es-alkohol\/","og_site_name":"Sopa","article_modified_time":"2020-03-23T13:07:54+00:00","twitter_card":"summary_large_image","twitter_misc":{"Becs\u00fclt olvas\u00e1si id\u0151":"2 perc"},"schema":{"@context":"https:\/\/schema.org","@graph":[{"@type":"WebPage","@id":"https:\/\/sopa.si\/hu\/alkohol\/szlovenia-es-alkohol\/","url":"https:\/\/sopa.si\/hu\/alkohol\/szlovenia-es-alkohol\/","name":"Szlov\u00e9nia \u00e9s alkohol &#187; Sopa","isPartOf":{"@id":"https:\/\/sopa.si\/hu\/#website"},"datePublished":"2020-03-23T12:39:41+00:00","dateModified":"2020-03-23T13:07:54+00:00","breadcrumb":{"@id":"https:\/\/sopa.si\/hu\/alkohol\/szlovenia-es-alkohol\/#breadcrumb"},"inLanguage":"hu","potentialAction":[{"@type":"ReadAction","target":["https:\/\/sopa.si\/hu\/alkohol\/szlovenia-es-alkohol\/"]}]},{"@type":"BreadcrumbList","@id":"https:\/\/sopa.si\/hu\/alkohol\/szlovenia-es-alkohol\/#breadcrumb","itemListElement":[{"@type":"ListItem","position":1,"name":"Domov","item":"https:\/\/sopa.si\/hu\/"},{"@type":"ListItem","position":2,"name":"Alkohol","item":"https:\/\/sopa.si\/hu\/alkohol\/"},{"@type":"ListItem","position":3,"name":"Szlov\u00e9nia \u00e9s alkohol"}]},{"@type":"WebSite","@id":"https:\/\/sopa.si\/hu\/#website","url":"https:\/\/sopa.si\/hu\/","name":"Sopa","description":"Just another WordPress site","potentialAction":[{"@type":"SearchAction","target":{"@type":"EntryPoint","urlTemplate":"https:\/\/sopa.si\/hu\/?s={search_term_string}"},"query-input":{"@type":"PropertyValueSpecification","valueRequired":true,"valueName":"search_term_string"}}],"inLanguage":"hu"}]}},"_links":{"self":[{"href":"https:\/\/sopa.si\/hu\/wp-json\/wp\/v2\/pages\/2121","targetHints":{"allow":["GET"]}}],"collection":[{"href":"https:\/\/sopa.si\/hu\/wp-json\/wp\/v2\/pages"}],"about":[{"href":"https:\/\/sopa.si\/hu\/wp-json\/wp\/v2\/types\/page"}],"author":[{"embeddable":true,"href":"https:\/\/sopa.si\/hu\/wp-json\/wp\/v2\/users\/10"}],"replies":[{"embeddable":true,"href":"https:\/\/sopa.si\/hu\/wp-json\/wp\/v2\/comments?post=2121"}],"version-history":[{"count":2,"href":"https:\/\/sopa.si\/hu\/wp-json\/wp\/v2\/pages\/2121\/revisions"}],"predecessor-version":[{"id":2179,"href":"https:\/\/sopa.si\/hu\/wp-json\/wp\/v2\/pages\/2121\/revisions\/2179"}],"up":[{"embeddable":true,"href":"https:\/\/sopa.si\/hu\/wp-json\/wp\/v2\/pages\/2131"}],"wp:attachment":[{"href":"https:\/\/sopa.si\/hu\/wp-json\/wp\/v2\/media?parent=2121"}],"curies":[{"name":"wp","href":"https:\/\/api.w.org\/{rel}","templated":true}]}}