{"id":2128,"date":"2020-03-23T12:37:49","date_gmt":"2020-03-23T12:37:49","guid":{"rendered":"https:\/\/www.sopa.si\/\/alcohol-consumption\/"},"modified":"2020-03-23T13:07:31","modified_gmt":"2020-03-23T13:07:31","slug":"alkohol-fogyasztas","status":"publish","type":"page","link":"https:\/\/sopa.si\/hu\/alkohol\/alkohol-fogyasztas\/","title":{"rendered":"Alkohol fogyaszt\u00e1s"},"content":{"rendered":"<h2>Mi tekinthet\u0151 t\u00falzott, kock\u00e1zatos \u00e9s k\u00e1ros alkoholfogyaszt\u00e1snak?<\/h2>\n<p>A kock\u00e1zatos alkoholfogyaszt\u00e1s eset\u00e9ben fenn\u00e1ll a lehet\u0151s\u00e9g arra, hogy az egy\u00e9n ennek k\u00f6vetkezt\u00e9ben k\u00e1rosod\u00e1st szenved. A k\u00e1ros alkoholfogyaszt\u00e1s olyan viselked\u00e9si minta, amelyik eset\u00e9ben a k\u00e1rosod\u00e1s m\u00e1r jelentkezett.<\/p>\n<h2>Hol h\u00faz\u00f3dnak a hat\u00e1rok?<\/h2>\n<p>Az alkohol fogyaszt\u00e1sa nem hat ki mindenkire egyform\u00e1n. Ennek ellen\u00e9re a szakemberek, a tudom\u00e1nyos tapasztalatok alapj\u00e1n, fel\u00e1ll\u00edtott\u00e1k a hat\u00e1rokat, meghat\u00e1rozt\u00e1k a szab\u00e1lyokat, amelyek eset\u00e9ben az alkoholfogyaszt\u00e1s a feln\u0151ttekn\u00e9l kev\u00e9sb\u00e9 kock\u00e1zatos lehet. Ezeknek a korl\u00e1toknak a tiszteletben tart\u00e1sa cs\u00f6kkenti a val\u00f3sz\u00edn\u0171s\u00e9g\u00e9t annak, hogy az eg\u00e9szs\u00e9g k\u00e1rosodjon az egy\u00e9bk\u00e9nt eg\u00e9szs\u00e9ges feln\u0151tt emberek t\u00f6bbs\u00e9g\u00e9n\u00e9l.<\/p>\n<h2><strong>A kev\u00e9sb\u00e9 kock\u00e1zatos alkoholfogyaszt\u00e1s hat\u00e1rai<\/strong><\/h2>\n<p><img loading=\"lazy\" decoding=\"async\" class=\"alignnone size-full wp-image-2173\" src=\"https:\/\/www.sopa.si\/\/wp-content\/uploads\/2020\/03\/consumtion-hu.jpg\" alt=\"\" width=\"689\" height=\"550\" srcset=\"https:\/\/sopa.si\/wp-content\/uploads\/2020\/03\/consumtion-hu.jpg 689w, https:\/\/sopa.si\/wp-content\/uploads\/2020\/03\/consumtion-hu-300x239.jpg 300w\" sizes=\"auto, (max-width: 689px) 100vw, 689px\" \/><\/p>\n","protected":false},"excerpt":{"rendered":"<p>Mi tekinthet\u0151 t\u00falzott, kock\u00e1zatos \u00e9s k\u00e1ros alkoholfogyaszt\u00e1snak? A kock\u00e1zatos alkoholfogyaszt\u00e1s eset\u00e9ben fenn\u00e1ll a lehet\u0151s\u00e9g arra, hogy az egy\u00e9n ennek k\u00f6vetkezt\u00e9ben k\u00e1rosod\u00e1st szenved. A k\u00e1ros alkoholfogyaszt\u00e1s olyan viselked\u00e9si minta, amelyik eset\u00e9ben a k\u00e1rosod\u00e1s m\u00e1r jelentkezett. Hol h\u00faz\u00f3dnak a hat\u00e1rok? Az alkohol fogyaszt\u00e1sa nem hat ki mindenkire egyform\u00e1n. Ennek ellen\u00e9re a szakemberek, a tudom\u00e1nyos tapasztalatok alapj\u00e1n, fel\u00e1ll\u00edtott\u00e1k [&hellip;]<\/p>\n","protected":false},"author":10,"featured_media":0,"parent":2131,"menu_order":1,"comment_status":"closed","ping_status":"closed","template":"","meta":{"_acf_changed":false,"footnotes":""},"class_list":["post-2128","page","type-page","status-publish","hentry"],"acf":[],"yoast_head":"<!-- This site is optimized with the Yoast SEO plugin v24.5 - https:\/\/yoast.com\/wordpress\/plugins\/seo\/ -->\n<title>Alkohol fogyaszt\u00e1s &#187; Sopa<\/title>\n<meta name=\"robots\" content=\"index, follow, max-snippet:-1, max-image-preview:large, max-video-preview:-1\" \/>\n<link rel=\"canonical\" href=\"https:\/\/sopa.si\/hu\/alkohol\/alkohol-fogyasztas\/\" \/>\n<meta property=\"og:locale\" content=\"hu_HU\" \/>\n<meta property=\"og:type\" content=\"article\" \/>\n<meta property=\"og:title\" content=\"Alkohol fogyaszt\u00e1s &#187; Sopa\" \/>\n<meta property=\"og:description\" content=\"Mi tekinthet\u0151 t\u00falzott, kock\u00e1zatos \u00e9s k\u00e1ros alkoholfogyaszt\u00e1snak? A kock\u00e1zatos alkoholfogyaszt\u00e1s eset\u00e9ben fenn\u00e1ll a lehet\u0151s\u00e9g arra, hogy az egy\u00e9n ennek k\u00f6vetkezt\u00e9ben k\u00e1rosod\u00e1st szenved. A k\u00e1ros alkoholfogyaszt\u00e1s olyan viselked\u00e9si minta, amelyik eset\u00e9ben a k\u00e1rosod\u00e1s m\u00e1r jelentkezett. Hol h\u00faz\u00f3dnak a hat\u00e1rok? Az alkohol fogyaszt\u00e1sa nem hat ki mindenkire egyform\u00e1n. Ennek ellen\u00e9re a szakemberek, a tudom\u00e1nyos tapasztalatok alapj\u00e1n, fel\u00e1ll\u00edtott\u00e1k [&hellip;]\" \/>\n<meta property=\"og:url\" content=\"https:\/\/sopa.si\/hu\/alkohol\/alkohol-fogyasztas\/\" \/>\n<meta property=\"og:site_name\" content=\"Sopa\" \/>\n<meta property=\"article:modified_time\" content=\"2020-03-23T13:07:31+00:00\" \/>\n<meta property=\"og:image\" content=\"https:\/\/www.sopa.si\/\/wp-content\/uploads\/2020\/03\/consumtion-hu.jpg\" \/>\n<meta name=\"twitter:card\" content=\"summary_large_image\" \/>\n<meta name=\"twitter:label1\" content=\"Becs\u00fclt olvas\u00e1si id\u0151\" \/>\n\t<meta name=\"twitter:data1\" content=\"1 perc\" \/>\n<script type=\"application\/ld+json\" class=\"yoast-schema-graph\">{\"@context\":\"https:\/\/schema.org\",\"@graph\":[{\"@type\":\"WebPage\",\"@id\":\"https:\/\/sopa.si\/hu\/alkohol\/alkohol-fogyasztas\/\",\"url\":\"https:\/\/sopa.si\/hu\/alkohol\/alkohol-fogyasztas\/\",\"name\":\"Alkohol fogyaszt\u00e1s &#187; Sopa\",\"isPartOf\":{\"@id\":\"https:\/\/sopa.si\/hu\/#website\"},\"primaryImageOfPage\":{\"@id\":\"https:\/\/sopa.si\/hu\/alkohol\/alkohol-fogyasztas\/#primaryimage\"},\"image\":{\"@id\":\"https:\/\/sopa.si\/hu\/alkohol\/alkohol-fogyasztas\/#primaryimage\"},\"thumbnailUrl\":\"https:\/\/www.sopa.si\/\/wp-content\/uploads\/2020\/03\/consumtion-hu.jpg\",\"datePublished\":\"2020-03-23T12:37:49+00:00\",\"dateModified\":\"2020-03-23T13:07:31+00:00\",\"breadcrumb\":{\"@id\":\"https:\/\/sopa.si\/hu\/alkohol\/alkohol-fogyasztas\/#breadcrumb\"},\"inLanguage\":\"hu\",\"potentialAction\":[{\"@type\":\"ReadAction\",\"target\":[\"https:\/\/sopa.si\/hu\/alkohol\/alkohol-fogyasztas\/\"]}]},{\"@type\":\"ImageObject\",\"inLanguage\":\"hu\",\"@id\":\"https:\/\/sopa.si\/hu\/alkohol\/alkohol-fogyasztas\/#primaryimage\",\"url\":\"https:\/\/www.sopa.si\/\/wp-content\/uploads\/2020\/03\/consumtion-hu.jpg\",\"contentUrl\":\"https:\/\/www.sopa.si\/\/wp-content\/uploads\/2020\/03\/consumtion-hu.jpg\"},{\"@type\":\"BreadcrumbList\",\"@id\":\"https:\/\/sopa.si\/hu\/alkohol\/alkohol-fogyasztas\/#breadcrumb\",\"itemListElement\":[{\"@type\":\"ListItem\",\"position\":1,\"name\":\"Domov\",\"item\":\"https:\/\/sopa.si\/hu\/\"},{\"@type\":\"ListItem\",\"position\":2,\"name\":\"Alkohol\",\"item\":\"https:\/\/sopa.si\/hu\/alkohol\/\"},{\"@type\":\"ListItem\",\"position\":3,\"name\":\"Alkohol fogyaszt\u00e1s\"}]},{\"@type\":\"WebSite\",\"@id\":\"https:\/\/sopa.si\/hu\/#website\",\"url\":\"https:\/\/sopa.si\/hu\/\",\"name\":\"Sopa\",\"description\":\"Just another WordPress site\",\"potentialAction\":[{\"@type\":\"SearchAction\",\"target\":{\"@type\":\"EntryPoint\",\"urlTemplate\":\"https:\/\/sopa.si\/hu\/?s={search_term_string}\"},\"query-input\":{\"@type\":\"PropertyValueSpecification\",\"valueRequired\":true,\"valueName\":\"search_term_string\"}}],\"inLanguage\":\"hu\"}]}<\/script>\n<!-- \/ Yoast SEO plugin. -->","yoast_head_json":{"title":"Alkohol fogyaszt\u00e1s &#187; Sopa","robots":{"index":"index","follow":"follow","max-snippet":"max-snippet:-1","max-image-preview":"max-image-preview:large","max-video-preview":"max-video-preview:-1"},"canonical":"https:\/\/sopa.si\/hu\/alkohol\/alkohol-fogyasztas\/","og_locale":"hu_HU","og_type":"article","og_title":"Alkohol fogyaszt\u00e1s &#187; Sopa","og_description":"Mi tekinthet\u0151 t\u00falzott, kock\u00e1zatos \u00e9s k\u00e1ros alkoholfogyaszt\u00e1snak? A kock\u00e1zatos alkoholfogyaszt\u00e1s eset\u00e9ben fenn\u00e1ll a lehet\u0151s\u00e9g arra, hogy az egy\u00e9n ennek k\u00f6vetkezt\u00e9ben k\u00e1rosod\u00e1st szenved. A k\u00e1ros alkoholfogyaszt\u00e1s olyan viselked\u00e9si minta, amelyik eset\u00e9ben a k\u00e1rosod\u00e1s m\u00e1r jelentkezett. Hol h\u00faz\u00f3dnak a hat\u00e1rok? Az alkohol fogyaszt\u00e1sa nem hat ki mindenkire egyform\u00e1n. Ennek ellen\u00e9re a szakemberek, a tudom\u00e1nyos tapasztalatok alapj\u00e1n, fel\u00e1ll\u00edtott\u00e1k [&hellip;]","og_url":"https:\/\/sopa.si\/hu\/alkohol\/alkohol-fogyasztas\/","og_site_name":"Sopa","article_modified_time":"2020-03-23T13:07:31+00:00","og_image":[{"url":"https:\/\/www.sopa.si\/\/wp-content\/uploads\/2020\/03\/consumtion-hu.jpg","type":"","width":"","height":""}],"twitter_card":"summary_large_image","twitter_misc":{"Becs\u00fclt olvas\u00e1si id\u0151":"1 perc"},"schema":{"@context":"https:\/\/schema.org","@graph":[{"@type":"WebPage","@id":"https:\/\/sopa.si\/hu\/alkohol\/alkohol-fogyasztas\/","url":"https:\/\/sopa.si\/hu\/alkohol\/alkohol-fogyasztas\/","name":"Alkohol fogyaszt\u00e1s &#187; Sopa","isPartOf":{"@id":"https:\/\/sopa.si\/hu\/#website"},"primaryImageOfPage":{"@id":"https:\/\/sopa.si\/hu\/alkohol\/alkohol-fogyasztas\/#primaryimage"},"image":{"@id":"https:\/\/sopa.si\/hu\/alkohol\/alkohol-fogyasztas\/#primaryimage"},"thumbnailUrl":"https:\/\/www.sopa.si\/\/wp-content\/uploads\/2020\/03\/consumtion-hu.jpg","datePublished":"2020-03-23T12:37:49+00:00","dateModified":"2020-03-23T13:07:31+00:00","breadcrumb":{"@id":"https:\/\/sopa.si\/hu\/alkohol\/alkohol-fogyasztas\/#breadcrumb"},"inLanguage":"hu","potentialAction":[{"@type":"ReadAction","target":["https:\/\/sopa.si\/hu\/alkohol\/alkohol-fogyasztas\/"]}]},{"@type":"ImageObject","inLanguage":"hu","@id":"https:\/\/sopa.si\/hu\/alkohol\/alkohol-fogyasztas\/#primaryimage","url":"https:\/\/www.sopa.si\/\/wp-content\/uploads\/2020\/03\/consumtion-hu.jpg","contentUrl":"https:\/\/www.sopa.si\/\/wp-content\/uploads\/2020\/03\/consumtion-hu.jpg"},{"@type":"BreadcrumbList","@id":"https:\/\/sopa.si\/hu\/alkohol\/alkohol-fogyasztas\/#breadcrumb","itemListElement":[{"@type":"ListItem","position":1,"name":"Domov","item":"https:\/\/sopa.si\/hu\/"},{"@type":"ListItem","position":2,"name":"Alkohol","item":"https:\/\/sopa.si\/hu\/alkohol\/"},{"@type":"ListItem","position":3,"name":"Alkohol fogyaszt\u00e1s"}]},{"@type":"WebSite","@id":"https:\/\/sopa.si\/hu\/#website","url":"https:\/\/sopa.si\/hu\/","name":"Sopa","description":"Just another WordPress site","potentialAction":[{"@type":"SearchAction","target":{"@type":"EntryPoint","urlTemplate":"https:\/\/sopa.si\/hu\/?s={search_term_string}"},"query-input":{"@type":"PropertyValueSpecification","valueRequired":true,"valueName":"search_term_string"}}],"inLanguage":"hu"}]}},"_links":{"self":[{"href":"https:\/\/sopa.si\/hu\/wp-json\/wp\/v2\/pages\/2128","targetHints":{"allow":["GET"]}}],"collection":[{"href":"https:\/\/sopa.si\/hu\/wp-json\/wp\/v2\/pages"}],"about":[{"href":"https:\/\/sopa.si\/hu\/wp-json\/wp\/v2\/types\/page"}],"author":[{"embeddable":true,"href":"https:\/\/sopa.si\/hu\/wp-json\/wp\/v2\/users\/10"}],"replies":[{"embeddable":true,"href":"https:\/\/sopa.si\/hu\/wp-json\/wp\/v2\/comments?post=2128"}],"version-history":[{"count":2,"href":"https:\/\/sopa.si\/hu\/wp-json\/wp\/v2\/pages\/2128\/revisions"}],"predecessor-version":[{"id":2178,"href":"https:\/\/sopa.si\/hu\/wp-json\/wp\/v2\/pages\/2128\/revisions\/2178"}],"up":[{"embeddable":true,"href":"https:\/\/sopa.si\/hu\/wp-json\/wp\/v2\/pages\/2131"}],"wp:attachment":[{"href":"https:\/\/sopa.si\/hu\/wp-json\/wp\/v2\/media?parent=2128"}],"curies":[{"name":"wp","href":"https:\/\/api.w.org\/{rel}","templated":true}]}}