{"id":2933,"date":"2020-04-02T09:14:49","date_gmt":"2020-04-02T09:14:49","guid":{"rendered":"https:\/\/www.sopa.si\/alkohol\/do-i-drink-too-much\/"},"modified":"2020-04-02T09:59:51","modified_gmt":"2020-04-02T09:59:51","slug":"vajon-tul-sokat-iszom","status":"publish","type":"page","link":"https:\/\/sopa.si\/hu\/alkohol\/vajon-tul-sokat-iszom\/","title":{"rendered":"Vajon t\u00fal sokat iszom?"},"content":{"rendered":"<div class=\"hideOnResult\">\n<p>Ezt az AUDIT-C k\u00e9rd\u0151\u00edvet az Eg\u00e9szs\u00e9g\u00fcgyi Vil\u00e1gszervezet (WHO) szak\u00e9rt\u0151i \u00e1ll\u00edtott\u00e1k \u00f6ssze.<\/p>\n<p>A r\u00f6vid \u00e9s anonim m\u00f3don kit\u00f6lthet\u0151 k\u00e9rd\u0151\u00edvben h\u00e1rom perc alatt v\u00e1laszt kaphat a k\u00f6vetkez\u0151 k\u00e9rd\u00e9sre: \u201eVajon t\u00fal sokat iszom?\u201d<\/p>\n<p>A v\u00e1laszokat csak ebben az alkalmaz\u00e1sban haszn\u00e1ljuk, az \u00d6n alkoholfogyaszt\u00e1si szok\u00e1sainak felm\u00e9r\u00e9s\u00e9re, ami majd megmutatja, mennyire kock\u00e1zatosak az alkoholfogyaszt\u00e1si szok\u00e1sai.<\/p>\n<p>K\u00f6sz\u00f6nj\u00fck, ha kit\u00f6lti a k\u00e9rd\u0151\u00edvet!<\/p>\n<\/div>\n<style type=\"text\/css\" id=\"wq-personality-custom-css\">.wq-quiz-2938 {\n--wq-question-width: 100%;\n--wq-question-color: #009cff;\n--wq-question-height: auto;\n--wq-bar-color: #00c479;\n--wq-font-color: #444;\n--wq-background-color: #ffffff;\n}\n<\/style><!-- wp quiz -->\n<div id=\"wp-quiz-2938\" class=\"wq_quizCtr multiple personality_quiz wq-quiz wq-quiz-2938 wq-quiz-personality wq-layout-multiple wq-skin-flat\" data-quiz-id=\"2938\">\n<!-- Progress bar -->\n<div class=\"wq-progress-bar-container wq_quizProgressBarCtr\">\n\t<div class=\"wq_quizProgressBar\">\n\t\t<span class=\"wq_quizProgressValue\" style=\"width: 0%;\">0%<\/span>\n\t<\/div>\n<\/div>\n<!-- \/\/ Progress bar-->\n<div class=\"wq-questions wq_questionsCtr\">\n\t<div class=\"wq-question wq_singleQuestionWrapper\" data-index=\"0\">\n\n\t\n\t<div class=\"wq_singleQuestionCtr\">\n\t\t<div class=\"wq_questionTextWrapper quiz-pro-clearfix\">\n\t\t\t<div class=\"wq_questionTextCtr\">\n\t\t\t\t<h4>Neme<\/h4>\n\t\t\t<\/div>\n\t\t<\/div>\n\n\t\t<div class=\"wq_questionMediaCtr\">\n\t\t\t\t\t<\/div>\n\n\t\t<div class=\"wq-question-answers wq_questionAnswersCtr\">\n\t\t\t<div class=\"wq-answers wq_answersWrapper\">\n\t\t\t<div class=\"wq-answer wq_singleAnswerCtr\" data-id=\"ay426\">\n\t\t\t<label class=\"wq_answerTxtCtr\">N\u0151<\/label>\n\t\t<\/div>\n\t\t\t<div class=\"wq-answer wq_singleAnswerCtr\" data-id=\"83egh\">\n\t\t\t<label class=\"wq_answerTxtCtr\">F\u00e9rfi<\/label>\n\t\t<\/div>\n\t<\/div>\n\t\t<\/div>\n\n\t\t\n\t\t<div class=\"wq-personality-question-explanation wq_personalityQuestionExplanation\">\n\t\t\t<div class=\"wq-explanation-head wq_ExplanationHead\"><\/div>\n\t\t\t<p class=\"wq-explanation-text wq_QuestionExplanationText\"><\/p>\n\t\t<\/div>\n\t<\/div>\n\n\t\n<\/div>\n<div class=\"wq-question wq_singleQuestionWrapper\" data-index=\"1\">\n\n\t\n\t<div class=\"wq_singleQuestionCtr\">\n\t\t<div class=\"wq_questionTextWrapper quiz-pro-clearfix\">\n\t\t\t<div class=\"wq_questionTextCtr\">\n\t\t\t\t<h4>Az ut\u00f3bbi 12 h\u00f3napban milyen gyakran fogyasztott alkoholtartalm\u00fa italokat (s\u00f6rt, bort, \u00e9getett szeszeket, lik\u0151r\u00f6ket, kokt\u00e9lokat, mustot, cidert, m\u00e9zs\u00f6rt)?<\/h4>\n\t\t\t<\/div>\n\t\t<\/div>\n\n\t\t<div class=\"wq_questionMediaCtr\">\n\t\t\t\t\t<\/div>\n\n\t\t<div class=\"wq-question-answers wq_questionAnswersCtr\">\n\t\t\t<div class=\"wq-answers wq_answersWrapper\">\n\t\t\t<div class=\"wq-answer wq_singleAnswerCtr\" data-id=\"kdwvi\">\n\t\t\t<label class=\"wq_answerTxtCtr\">egy\u00e1ltal\u00e1n nem<\/label>\n\t\t<\/div>\n\t\t\t<div class=\"wq-answer wq_singleAnswerCtr\" data-id=\"ne4iu\">\n\t\t\t<label class=\"wq_answerTxtCtr\">havonta egyszer vagy ritk\u00e1bban<\/label>\n\t\t<\/div>\n\t\t\t<div class=\"wq-answer wq_singleAnswerCtr\" data-id=\"v4ky4\">\n\t\t\t<label class=\"wq_answerTxtCtr\">havonta 2-t\u0151l 4-szer<\/label>\n\t\t<\/div>\n\t\t\t<div class=\"wq-answer wq_singleAnswerCtr\" data-id=\"9weg0\">\n\t\t\t<label class=\"wq_answerTxtCtr\">hetente 2-t\u0151l 3-szor<\/label>\n\t\t<\/div>\n\t\t\t<div class=\"wq-answer wq_singleAnswerCtr\" data-id=\"n0c68\">\n\t\t\t<label class=\"wq_answerTxtCtr\">hetente 4-szer vagy t\u00f6bbsz\u00f6r<\/label>\n\t\t<\/div>\n\t<\/div>\n\t\t<\/div>\n\n\t\t\n\t\t<div class=\"wq-personality-question-explanation wq_personalityQuestionExplanation\">\n\t\t\t<div class=\"wq-explanation-head wq_ExplanationHead\"><\/div>\n\t\t\t<p class=\"wq-explanation-text wq_QuestionExplanationText\"><\/p>\n\t\t<\/div>\n\t<\/div>\n\n\t\n<\/div>\n<div class=\"wq-question wq_singleQuestionWrapper\" data-index=\"2\">\n\n\t\n\t<div class=\"wq_singleQuestionCtr\">\n\t\t<div class=\"wq_questionTextWrapper quiz-pro-clearfix\">\n\t\t\t<div class=\"wq_questionTextCtr\">\n\t\t\t\t<h4>Amikor az ut\u00f3bbi 12 h\u00f3napban fogyasztott alkoholt, \u00e1ltal\u00e1ban h\u00e1ny adag alkoholtartalm\u00fa ital fogyasztott? <span class=\"small\">(Egy adag: 1 dl bor vagy 2,5 dl s\u00f6r vagy cider vagy 0,3 dl (egy poh\u00e1rka) \u00e9getett szesz.)<\/span><\/h4>\n\t\t\t<\/div>\n\t\t<\/div>\n\n\t\t<div class=\"wq_questionMediaCtr\">\n\t\t\t\t\t<\/div>\n\n\t\t<div class=\"wq-question-answers wq_questionAnswersCtr\">\n\t\t\t<div class=\"wq-answers wq_answersWrapper\">\n\t\t\t<div class=\"wq-answer wq_singleAnswerCtr\" data-id=\"jvjt2\">\n\t\t\t<label class=\"wq_answerTxtCtr\">semmit vagy 1 adagot<\/label>\n\t\t<\/div>\n\t\t\t<div class=\"wq-answer wq_singleAnswerCtr\" data-id=\"pzhum\">\n\t\t\t<label class=\"wq_answerTxtCtr\">2 adagot<\/label>\n\t\t<\/div>\n\t\t\t<div class=\"wq-answer wq_singleAnswerCtr\" data-id=\"volqt\">\n\t\t\t<label class=\"wq_answerTxtCtr\">3 vagy 4 adagot<\/label>\n\t\t<\/div>\n\t\t\t<div class=\"wq-answer wq_singleAnswerCtr\" data-id=\"wrnau\">\n\t\t\t<label class=\"wq_answerTxtCtr\">5 vagy 6 adagot<\/label>\n\t\t<\/div>\n\t\t\t<div class=\"wq-answer wq_singleAnswerCtr\" data-id=\"crqxx\">\n\t\t\t<label class=\"wq_answerTxtCtr\">7 vagy t\u00f6bb adagot<\/label>\n\t\t<\/div>\n\t<\/div>\n\t\t<\/div>\n\n\t\t\n\t\t<div class=\"wq-personality-question-explanation wq_personalityQuestionExplanation\">\n\t\t\t<div class=\"wq-explanation-head wq_ExplanationHead\"><\/div>\n\t\t\t<p class=\"wq-explanation-text wq_QuestionExplanationText\"><\/p>\n\t\t<\/div>\n\t<\/div>\n\n\t\n<\/div>\n<div class=\"wq-question wq_singleQuestionWrapper\" data-index=\"3\">\n\n\t\n\t<div class=\"wq_singleQuestionCtr\">\n\t\t<div class=\"wq_questionTextWrapper quiz-pro-clearfix\">\n\t\t\t<div class=\"wq_questionTextCtr\">\n\t\t\t\t<h4>Az ut\u00f3bbi 12 h\u00f3napban milyen gyakran t\u00f6rt\u00e9nt meg, hogy a k\u00f6vetkez\u0151 mennyis\u00e9g\u0171 alkoholos italt fogyasztotta:\r\n<span class=\"small\">f\u00e9rfiak: 6 vagy t\u00f6bb adagot egy-egy alkalommal?<br>\r\nn\u0151k: 4 vagy t\u00f6bb adagot egy-egy alkalommal?<\/span><\/h4>\n\t\t\t<\/div>\n\t\t<\/div>\n\n\t\t<div class=\"wq_questionMediaCtr\">\n\t\t\t\t\t<\/div>\n\n\t\t<div class=\"wq-question-answers wq_questionAnswersCtr\">\n\t\t\t<div class=\"wq-answers wq_answersWrapper\">\n\t\t\t<div class=\"wq-answer wq_singleAnswerCtr\" data-id=\"xejhi\">\n\t\t\t<label class=\"wq_answerTxtCtr\">soha<\/label>\n\t\t<\/div>\n\t\t\t<div class=\"wq-answer wq_singleAnswerCtr\" data-id=\"39k46\">\n\t\t\t<label class=\"wq_answerTxtCtr\">kevesebb mint havonta egyszer<\/label>\n\t\t<\/div>\n\t\t\t<div class=\"wq-answer wq_singleAnswerCtr\" data-id=\"5sc0t\">\n\t\t\t<label class=\"wq_answerTxtCtr\">havonta 1-t\u0151l 3-szor<\/label>\n\t\t<\/div>\n\t\t\t<div class=\"wq-answer wq_singleAnswerCtr\" data-id=\"dgueu\">\n\t\t\t<label class=\"wq_answerTxtCtr\">hetente 1-t\u0151l 3-szor<\/label>\n\t\t<\/div>\n\t\t\t<div class=\"wq-answer wq_singleAnswerCtr\" data-id=\"ejv3u\">\n\t\t\t<label class=\"wq_answerTxtCtr\">minden nap vagy majdnem minden nap<\/label>\n\t\t<\/div>\n\t<\/div>\n\t\t<\/div>\n\n\t\t\n\t\t<div class=\"wq-personality-question-explanation wq_personalityQuestionExplanation\">\n\t\t\t<div class=\"wq-explanation-head wq_ExplanationHead\"><\/div>\n\t\t\t<p class=\"wq-explanation-text wq_QuestionExplanationText\"><\/p>\n\t\t<\/div>\n\t<\/div>\n\n\t\n<\/div>\n<\/div>\n<div class=\"wq-results wq_resultsCtr\">\n\t<span class=\"wq-result-quiz-title wq_quizTitle\">Vajon t\u00fal sokat iszom?<\/span>\n<div class=\"wq-result wq_singleResultWrapper\" data-id=\"870pe\">\n\n\t<div class=\"wq-result-score wq_resultScoreCtr\"><\/div>\n\n\t<div class=\"wq-result-title wq_resultTitle\">Rezultat 1<\/div>\n\n\t\n\t<div class=\"wq_resultDesc\">A v\u00e1laszaib\u00f3l az k\u00f6vetkezik, hogy nagy a kock\u00e1zata az alkoholfogyaszt\u00e1sb\u00f3l sz\u00e1rmaz\u00f3 szoci\u00e1lis \u00e9s eg\u00e9szs\u00e9g\u00fcgyi probl\u00e9m\u00e1knak, ami annyit jelent, hogy az \u00d6n alkoholfogyaszt\u00e1si szok\u00e1sai kock\u00e1zatosak vagy k\u00e1rosak, illetve vannak f\u00fcgg\u0151s\u00e9gre utal\u00f3 jelek is. Javasoljuk, hogy keresse meg a lehet\u0151s\u00e9get egy pontosabb diagn\u00f3zis fel\u00e1ll\u00edt\u00e1s\u00e1ra, ak\u00e1r a k\u00f6vetkez\u0151 helyen:  <a href=\"https:\/\/www.sopa.si\/hu\/alkohol\/hogyan-kerhet-segitseget\/\">Hogyan k\u00e9rhet seg\u00edts\u00e9get?<\/a><\/div>\n<\/div>\n<div class=\"wq-result wq_singleResultWrapper\" data-id=\"rcaeq\">\n\n\t<div class=\"wq-result-score wq_resultScoreCtr\"><\/div>\n\n\t<div class=\"wq-result-title wq_resultTitle\">Rezultat 2<\/div>\n\n\t\n\t<div class=\"wq_resultDesc\">Az \u00f6n alkoholfogyaszt\u00e1si szok\u00e1sai a kev\u00e9sb\u00e9 kock\u00e1zatos alkoholfogyaszt\u00e1s keretein bel\u00fcl vannak, ami annyit jelent, hogy kisebb az alkoholfogyaszt\u00e1sb\u00f3l sz\u00e1rmaz\u00f3 kedvez\u0151tlen k\u00f6vetkezm\u00e9nyek kock\u00e1zata. <\/div>\n<\/div>\n<div class=\"wq-result wq_singleResultWrapper\" data-id=\"1dkub\">\n\n\t<div class=\"wq-result-score wq_resultScoreCtr\"><\/div>\n\n\t<div class=\"wq-result-title wq_resultTitle\">Rezultat 3<\/div>\n\n\t\n\t<div class=\"wq_resultDesc\">\u00d6n absztinens, ami annyit jelent, hogy odafigyel a testi-lelki eg\u00e9szs\u00e9g\u00e9re \u00e9s hogy az alkoholfogyaszt\u00e1s nem befoly\u00e1solja azt.<\/div>\n<\/div>\n<\/div><!-- End .wq-results -->\n<\/div>\n<!-- \/\/ wp quiz-->\n\n","protected":false},"excerpt":{"rendered":"<p>Ezt az AUDIT-C k\u00e9rd\u0151\u00edvet az Eg\u00e9szs\u00e9g\u00fcgyi Vil\u00e1gszervezet (WHO) szak\u00e9rt\u0151i \u00e1ll\u00edtott\u00e1k \u00f6ssze. A r\u00f6vid \u00e9s anonim m\u00f3don kit\u00f6lthet\u0151 k\u00e9rd\u0151\u00edvben h\u00e1rom perc alatt v\u00e1laszt kaphat a k\u00f6vetkez\u0151 k\u00e9rd\u00e9sre: \u201eVajon t\u00fal sokat iszom?\u201d A v\u00e1laszokat csak ebben az alkalmaz\u00e1sban haszn\u00e1ljuk, az \u00d6n alkoholfogyaszt\u00e1si szok\u00e1sainak felm\u00e9r\u00e9s\u00e9re, ami majd megmutatja, mennyire kock\u00e1zatosak az alkoholfogyaszt\u00e1si szok\u00e1sai. K\u00f6sz\u00f6nj\u00fck, ha kit\u00f6lti a k\u00e9rd\u0151\u00edvet!<\/p>\n","protected":false},"author":10,"featured_media":0,"parent":2131,"menu_order":4,"comment_status":"closed","ping_status":"closed","template":"","meta":{"_acf_changed":false,"footnotes":""},"class_list":["post-2933","page","type-page","status-publish","hentry"],"acf":[],"yoast_head":"<!-- This site is optimized with the Yoast SEO plugin v24.5 - https:\/\/yoast.com\/wordpress\/plugins\/seo\/ -->\n<title>Vajon t\u00fal sokat iszom? &#187; Sopa<\/title>\n<meta name=\"robots\" content=\"index, follow, max-snippet:-1, max-image-preview:large, max-video-preview:-1\" \/>\n<link rel=\"canonical\" href=\"https:\/\/sopa.si\/hu\/alkohol\/vajon-tul-sokat-iszom\/\" \/>\n<meta property=\"og:locale\" content=\"hu_HU\" \/>\n<meta property=\"og:type\" content=\"article\" \/>\n<meta property=\"og:title\" content=\"Vajon t\u00fal sokat iszom? &#187; Sopa\" \/>\n<meta property=\"og:description\" content=\"Ezt az AUDIT-C k\u00e9rd\u0151\u00edvet az Eg\u00e9szs\u00e9g\u00fcgyi Vil\u00e1gszervezet (WHO) szak\u00e9rt\u0151i \u00e1ll\u00edtott\u00e1k \u00f6ssze. A r\u00f6vid \u00e9s anonim m\u00f3don kit\u00f6lthet\u0151 k\u00e9rd\u0151\u00edvben h\u00e1rom perc alatt v\u00e1laszt kaphat a k\u00f6vetkez\u0151 k\u00e9rd\u00e9sre: \u201eVajon t\u00fal sokat iszom?\u201d A v\u00e1laszokat csak ebben az alkalmaz\u00e1sban haszn\u00e1ljuk, az \u00d6n alkoholfogyaszt\u00e1si szok\u00e1sainak felm\u00e9r\u00e9s\u00e9re, ami majd megmutatja, mennyire kock\u00e1zatosak az alkoholfogyaszt\u00e1si szok\u00e1sai. K\u00f6sz\u00f6nj\u00fck, ha kit\u00f6lti a k\u00e9rd\u0151\u00edvet!\" \/>\n<meta property=\"og:url\" content=\"https:\/\/sopa.si\/hu\/alkohol\/vajon-tul-sokat-iszom\/\" \/>\n<meta property=\"og:site_name\" content=\"Sopa\" \/>\n<meta property=\"article:modified_time\" content=\"2020-04-02T09:59:51+00:00\" \/>\n<meta name=\"twitter:card\" content=\"summary_large_image\" \/>\n<script type=\"application\/ld+json\" class=\"yoast-schema-graph\">{\"@context\":\"https:\/\/schema.org\",\"@graph\":[{\"@type\":\"WebPage\",\"@id\":\"https:\/\/sopa.si\/hu\/alkohol\/vajon-tul-sokat-iszom\/\",\"url\":\"https:\/\/sopa.si\/hu\/alkohol\/vajon-tul-sokat-iszom\/\",\"name\":\"Vajon t\u00fal sokat iszom? &#187; Sopa\",\"isPartOf\":{\"@id\":\"https:\/\/sopa.si\/hu\/#website\"},\"datePublished\":\"2020-04-02T09:14:49+00:00\",\"dateModified\":\"2020-04-02T09:59:51+00:00\",\"breadcrumb\":{\"@id\":\"https:\/\/sopa.si\/hu\/alkohol\/vajon-tul-sokat-iszom\/#breadcrumb\"},\"inLanguage\":\"hu\",\"potentialAction\":[{\"@type\":\"ReadAction\",\"target\":[\"https:\/\/sopa.si\/hu\/alkohol\/vajon-tul-sokat-iszom\/\"]}]},{\"@type\":\"BreadcrumbList\",\"@id\":\"https:\/\/sopa.si\/hu\/alkohol\/vajon-tul-sokat-iszom\/#breadcrumb\",\"itemListElement\":[{\"@type\":\"ListItem\",\"position\":1,\"name\":\"Domov\",\"item\":\"https:\/\/sopa.si\/hu\/\"},{\"@type\":\"ListItem\",\"position\":2,\"name\":\"Alkohol\",\"item\":\"https:\/\/sopa.si\/hu\/alkohol\/\"},{\"@type\":\"ListItem\",\"position\":3,\"name\":\"Vajon t\u00fal sokat iszom?\"}]},{\"@type\":\"WebSite\",\"@id\":\"https:\/\/sopa.si\/hu\/#website\",\"url\":\"https:\/\/sopa.si\/hu\/\",\"name\":\"Sopa\",\"description\":\"Just another WordPress site\",\"potentialAction\":[{\"@type\":\"SearchAction\",\"target\":{\"@type\":\"EntryPoint\",\"urlTemplate\":\"https:\/\/sopa.si\/hu\/?s={search_term_string}\"},\"query-input\":{\"@type\":\"PropertyValueSpecification\",\"valueRequired\":true,\"valueName\":\"search_term_string\"}}],\"inLanguage\":\"hu\"}]}<\/script>\n<!-- \/ Yoast SEO plugin. -->","yoast_head_json":{"title":"Vajon t\u00fal sokat iszom? &#187; Sopa","robots":{"index":"index","follow":"follow","max-snippet":"max-snippet:-1","max-image-preview":"max-image-preview:large","max-video-preview":"max-video-preview:-1"},"canonical":"https:\/\/sopa.si\/hu\/alkohol\/vajon-tul-sokat-iszom\/","og_locale":"hu_HU","og_type":"article","og_title":"Vajon t\u00fal sokat iszom? &#187; Sopa","og_description":"Ezt az AUDIT-C k\u00e9rd\u0151\u00edvet az Eg\u00e9szs\u00e9g\u00fcgyi Vil\u00e1gszervezet (WHO) szak\u00e9rt\u0151i \u00e1ll\u00edtott\u00e1k \u00f6ssze. A r\u00f6vid \u00e9s anonim m\u00f3don kit\u00f6lthet\u0151 k\u00e9rd\u0151\u00edvben h\u00e1rom perc alatt v\u00e1laszt kaphat a k\u00f6vetkez\u0151 k\u00e9rd\u00e9sre: \u201eVajon t\u00fal sokat iszom?\u201d A v\u00e1laszokat csak ebben az alkalmaz\u00e1sban haszn\u00e1ljuk, az \u00d6n alkoholfogyaszt\u00e1si szok\u00e1sainak felm\u00e9r\u00e9s\u00e9re, ami majd megmutatja, mennyire kock\u00e1zatosak az alkoholfogyaszt\u00e1si szok\u00e1sai. K\u00f6sz\u00f6nj\u00fck, ha kit\u00f6lti a k\u00e9rd\u0151\u00edvet!","og_url":"https:\/\/sopa.si\/hu\/alkohol\/vajon-tul-sokat-iszom\/","og_site_name":"Sopa","article_modified_time":"2020-04-02T09:59:51+00:00","twitter_card":"summary_large_image","schema":{"@context":"https:\/\/schema.org","@graph":[{"@type":"WebPage","@id":"https:\/\/sopa.si\/hu\/alkohol\/vajon-tul-sokat-iszom\/","url":"https:\/\/sopa.si\/hu\/alkohol\/vajon-tul-sokat-iszom\/","name":"Vajon t\u00fal sokat iszom? &#187; Sopa","isPartOf":{"@id":"https:\/\/sopa.si\/hu\/#website"},"datePublished":"2020-04-02T09:14:49+00:00","dateModified":"2020-04-02T09:59:51+00:00","breadcrumb":{"@id":"https:\/\/sopa.si\/hu\/alkohol\/vajon-tul-sokat-iszom\/#breadcrumb"},"inLanguage":"hu","potentialAction":[{"@type":"ReadAction","target":["https:\/\/sopa.si\/hu\/alkohol\/vajon-tul-sokat-iszom\/"]}]},{"@type":"BreadcrumbList","@id":"https:\/\/sopa.si\/hu\/alkohol\/vajon-tul-sokat-iszom\/#breadcrumb","itemListElement":[{"@type":"ListItem","position":1,"name":"Domov","item":"https:\/\/sopa.si\/hu\/"},{"@type":"ListItem","position":2,"name":"Alkohol","item":"https:\/\/sopa.si\/hu\/alkohol\/"},{"@type":"ListItem","position":3,"name":"Vajon t\u00fal sokat iszom?"}]},{"@type":"WebSite","@id":"https:\/\/sopa.si\/hu\/#website","url":"https:\/\/sopa.si\/hu\/","name":"Sopa","description":"Just another WordPress site","potentialAction":[{"@type":"SearchAction","target":{"@type":"EntryPoint","urlTemplate":"https:\/\/sopa.si\/hu\/?s={search_term_string}"},"query-input":{"@type":"PropertyValueSpecification","valueRequired":true,"valueName":"search_term_string"}}],"inLanguage":"hu"}]}},"_links":{"self":[{"href":"https:\/\/sopa.si\/hu\/wp-json\/wp\/v2\/pages\/2933","targetHints":{"allow":["GET"]}}],"collection":[{"href":"https:\/\/sopa.si\/hu\/wp-json\/wp\/v2\/pages"}],"about":[{"href":"https:\/\/sopa.si\/hu\/wp-json\/wp\/v2\/types\/page"}],"author":[{"embeddable":true,"href":"https:\/\/sopa.si\/hu\/wp-json\/wp\/v2\/users\/10"}],"replies":[{"embeddable":true,"href":"https:\/\/sopa.si\/hu\/wp-json\/wp\/v2\/comments?post=2933"}],"version-history":[{"count":2,"href":"https:\/\/sopa.si\/hu\/wp-json\/wp\/v2\/pages\/2933\/revisions"}],"predecessor-version":[{"id":2940,"href":"https:\/\/sopa.si\/hu\/wp-json\/wp\/v2\/pages\/2933\/revisions\/2940"}],"up":[{"embeddable":true,"href":"https:\/\/sopa.si\/hu\/wp-json\/wp\/v2\/pages\/2131"}],"wp:attachment":[{"href":"https:\/\/sopa.si\/hu\/wp-json\/wp\/v2\/media?parent=2933"}],"curies":[{"name":"wp","href":"https:\/\/api.w.org\/{rel}","templated":true}]}}