{"id":2106,"date":"2020-03-23T12:44:15","date_gmt":"2020-03-23T12:44:15","guid":{"rendered":"https:\/\/www.sopa.si\/\/how-to-join\/"},"modified":"2020-03-23T13:01:26","modified_gmt":"2020-03-23T13:01:26","slug":"come-entrare-a","status":"publish","type":"page","link":"https:\/\/sopa.si\/it\/sopa\/come-entrare-a\/","title":{"rendered":"Come entrare a"},"content":{"rendered":"<p>Il sito web del progetto SOPA \u00e8 destinato a chiunque desideri saperne di pi\u00f9 sui campioni e sulle conseguenze del consumo di alcolici, nonch\u00e9 sul nostro programma SOPA, sulle diverse attivit\u00e0 ed eventi.<\/p>\n<p>Ognuno di noi pu\u00f2 contribuire alle attivit\u00e0 e alla realizzazione degli obiettivi del progetto SOPA. Rimanga aggiornato sugli eventi che organizziamo nelle Sue vicinanze. La invitiamo a porre domande, a leggere il materiale informativo e a contattarci in qualsiasi momento tramite il sito web o direttamente sul campo. A sua volta, ogni individuo pu\u00f2 fare molto, sensibilizzando riguardo il consumo eccessivo di alcolici e diffondendo le nostre idee ai propri cari e amici.<\/p>\n","protected":false},"excerpt":{"rendered":"<p>Il sito web del progetto SOPA \u00e8 destinato a chiunque desideri saperne di pi\u00f9 sui campioni e sulle conseguenze del consumo di alcolici, nonch\u00e9 sul nostro programma SOPA, sulle diverse attivit\u00e0 ed eventi. Ognuno di noi pu\u00f2 contribuire alle attivit\u00e0 e alla realizzazione degli obiettivi del progetto SOPA. Rimanga aggiornato sugli eventi che organizziamo nelle [&hellip;]<\/p>\n","protected":false},"author":10,"featured_media":0,"parent":2125,"menu_order":6,"comment_status":"closed","ping_status":"closed","template":"","meta":{"_acf_changed":false,"footnotes":""},"class_list":["post-2106","page","type-page","status-publish","hentry"],"acf":[],"yoast_head":"<!-- This site is optimized with the Yoast SEO plugin v24.5 - https:\/\/yoast.com\/wordpress\/plugins\/seo\/ -->\n<title>Come entrare a &#187; Sopa<\/title>\n<meta name=\"robots\" content=\"index, follow, max-snippet:-1, max-image-preview:large, max-video-preview:-1\" \/>\n<link rel=\"canonical\" href=\"https:\/\/sopa.si\/it\/sopa\/come-entrare-a\/\" \/>\n<meta property=\"og:locale\" content=\"it_IT\" \/>\n<meta property=\"og:type\" content=\"article\" \/>\n<meta property=\"og:title\" content=\"Come entrare a &#187; Sopa\" \/>\n<meta property=\"og:description\" content=\"Il sito web del progetto SOPA \u00e8 destinato a chiunque desideri saperne di pi\u00f9 sui campioni e sulle conseguenze del consumo di alcolici, nonch\u00e9 sul nostro programma SOPA, sulle diverse attivit\u00e0 ed eventi. Ognuno di noi pu\u00f2 contribuire alle attivit\u00e0 e alla realizzazione degli obiettivi del progetto SOPA. Rimanga aggiornato sugli eventi che organizziamo nelle [&hellip;]\" \/>\n<meta property=\"og:url\" content=\"https:\/\/sopa.si\/it\/sopa\/come-entrare-a\/\" \/>\n<meta property=\"og:site_name\" content=\"Sopa\" \/>\n<meta property=\"article:modified_time\" content=\"2020-03-23T13:01:26+00:00\" \/>\n<meta name=\"twitter:card\" content=\"summary_large_image\" \/>\n<meta name=\"twitter:label1\" content=\"Tempo di lettura stimato\" \/>\n\t<meta name=\"twitter:data1\" content=\"1 minuto\" \/>\n<script type=\"application\/ld+json\" class=\"yoast-schema-graph\">{\"@context\":\"https:\/\/schema.org\",\"@graph\":[{\"@type\":\"WebPage\",\"@id\":\"https:\/\/sopa.si\/it\/sopa\/come-entrare-a\/\",\"url\":\"https:\/\/sopa.si\/it\/sopa\/come-entrare-a\/\",\"name\":\"Come entrare a &#187; Sopa\",\"isPartOf\":{\"@id\":\"https:\/\/sopa.si\/it\/#website\"},\"datePublished\":\"2020-03-23T12:44:15+00:00\",\"dateModified\":\"2020-03-23T13:01:26+00:00\",\"breadcrumb\":{\"@id\":\"https:\/\/sopa.si\/it\/sopa\/come-entrare-a\/#breadcrumb\"},\"inLanguage\":\"it-IT\",\"potentialAction\":[{\"@type\":\"ReadAction\",\"target\":[\"https:\/\/sopa.si\/it\/sopa\/come-entrare-a\/\"]}]},{\"@type\":\"BreadcrumbList\",\"@id\":\"https:\/\/sopa.si\/it\/sopa\/come-entrare-a\/#breadcrumb\",\"itemListElement\":[{\"@type\":\"ListItem\",\"position\":1,\"name\":\"Domov\",\"item\":\"https:\/\/sopa.si\/it\/\"},{\"@type\":\"ListItem\",\"position\":2,\"name\":\"Sopa\",\"item\":\"https:\/\/sopa.si\/it\/sopa\/\"},{\"@type\":\"ListItem\",\"position\":3,\"name\":\"Come entrare a\"}]},{\"@type\":\"WebSite\",\"@id\":\"https:\/\/sopa.si\/it\/#website\",\"url\":\"https:\/\/sopa.si\/it\/\",\"name\":\"Sopa\",\"description\":\"Just another WordPress site\",\"potentialAction\":[{\"@type\":\"SearchAction\",\"target\":{\"@type\":\"EntryPoint\",\"urlTemplate\":\"https:\/\/sopa.si\/it\/?s={search_term_string}\"},\"query-input\":{\"@type\":\"PropertyValueSpecification\",\"valueRequired\":true,\"valueName\":\"search_term_string\"}}],\"inLanguage\":\"it-IT\"}]}<\/script>\n<!-- \/ Yoast SEO plugin. -->","yoast_head_json":{"title":"Come entrare a &#187; Sopa","robots":{"index":"index","follow":"follow","max-snippet":"max-snippet:-1","max-image-preview":"max-image-preview:large","max-video-preview":"max-video-preview:-1"},"canonical":"https:\/\/sopa.si\/it\/sopa\/come-entrare-a\/","og_locale":"it_IT","og_type":"article","og_title":"Come entrare a &#187; Sopa","og_description":"Il sito web del progetto SOPA \u00e8 destinato a chiunque desideri saperne di pi\u00f9 sui campioni e sulle conseguenze del consumo di alcolici, nonch\u00e9 sul nostro programma SOPA, sulle diverse attivit\u00e0 ed eventi. Ognuno di noi pu\u00f2 contribuire alle attivit\u00e0 e alla realizzazione degli obiettivi del progetto SOPA. Rimanga aggiornato sugli eventi che organizziamo nelle [&hellip;]","og_url":"https:\/\/sopa.si\/it\/sopa\/come-entrare-a\/","og_site_name":"Sopa","article_modified_time":"2020-03-23T13:01:26+00:00","twitter_card":"summary_large_image","twitter_misc":{"Tempo di lettura stimato":"1 minuto"},"schema":{"@context":"https:\/\/schema.org","@graph":[{"@type":"WebPage","@id":"https:\/\/sopa.si\/it\/sopa\/come-entrare-a\/","url":"https:\/\/sopa.si\/it\/sopa\/come-entrare-a\/","name":"Come entrare a &#187; Sopa","isPartOf":{"@id":"https:\/\/sopa.si\/it\/#website"},"datePublished":"2020-03-23T12:44:15+00:00","dateModified":"2020-03-23T13:01:26+00:00","breadcrumb":{"@id":"https:\/\/sopa.si\/it\/sopa\/come-entrare-a\/#breadcrumb"},"inLanguage":"it-IT","potentialAction":[{"@type":"ReadAction","target":["https:\/\/sopa.si\/it\/sopa\/come-entrare-a\/"]}]},{"@type":"BreadcrumbList","@id":"https:\/\/sopa.si\/it\/sopa\/come-entrare-a\/#breadcrumb","itemListElement":[{"@type":"ListItem","position":1,"name":"Domov","item":"https:\/\/sopa.si\/it\/"},{"@type":"ListItem","position":2,"name":"Sopa","item":"https:\/\/sopa.si\/it\/sopa\/"},{"@type":"ListItem","position":3,"name":"Come entrare a"}]},{"@type":"WebSite","@id":"https:\/\/sopa.si\/it\/#website","url":"https:\/\/sopa.si\/it\/","name":"Sopa","description":"Just another WordPress site","potentialAction":[{"@type":"SearchAction","target":{"@type":"EntryPoint","urlTemplate":"https:\/\/sopa.si\/it\/?s={search_term_string}"},"query-input":{"@type":"PropertyValueSpecification","valueRequired":true,"valueName":"search_term_string"}}],"inLanguage":"it-IT"}]}},"_links":{"self":[{"href":"https:\/\/sopa.si\/it\/wp-json\/wp\/v2\/pages\/2106","targetHints":{"allow":["GET"]}}],"collection":[{"href":"https:\/\/sopa.si\/it\/wp-json\/wp\/v2\/pages"}],"about":[{"href":"https:\/\/sopa.si\/it\/wp-json\/wp\/v2\/types\/page"}],"author":[{"embeddable":true,"href":"https:\/\/sopa.si\/it\/wp-json\/wp\/v2\/users\/10"}],"replies":[{"embeddable":true,"href":"https:\/\/sopa.si\/it\/wp-json\/wp\/v2\/comments?post=2106"}],"version-history":[{"count":1,"href":"https:\/\/sopa.si\/it\/wp-json\/wp\/v2\/pages\/2106\/revisions"}],"predecessor-version":[{"id":2165,"href":"https:\/\/sopa.si\/it\/wp-json\/wp\/v2\/pages\/2106\/revisions\/2165"}],"up":[{"embeddable":true,"href":"https:\/\/sopa.si\/it\/wp-json\/wp\/v2\/pages\/2125"}],"wp:attachment":[{"href":"https:\/\/sopa.si\/it\/wp-json\/wp\/v2\/media?parent=2106"}],"curies":[{"name":"wp","href":"https:\/\/api.w.org\/{rel}","templated":true}]}}