{"id":2127,"date":"2020-03-23T12:37:49","date_gmt":"2020-03-23T12:37:49","guid":{"rendered":"https:\/\/www.sopa.si\/\/alcohol-consumption\/"},"modified":"2020-03-23T12:56:53","modified_gmt":"2020-03-23T12:56:53","slug":"consumo-di-alcol","status":"publish","type":"page","link":"https:\/\/sopa.si\/it\/alcool\/consumo-di-alcol\/","title":{"rendered":"Consumo di alcol"},"content":{"rendered":"<h2>Che cos\u2019\u00e8 il consumo eccessivo, pericoloso e nocivo di alcolici?<\/h2>\n<p>Il consumo eccessivo e pericoloso di alcolici \u00e8 un comportamento a causa del quale l\u2019individuo subisce un danno. Il consumo nocivo di alcolici \u00e8 un comportamento durante il quale il danno \u00e8 gi\u00e0 presente.<\/p>\n<h2>Dove sono i limiti?<\/h2>\n<p>Il consumo di bevande alcoliche influisce in maniera diversa su ogni individuo. Nonostante questo, in base a ricerche scientifiche accurate, gli esperti hanno stabilito delle regole, ovvero i limiti del consumo di alcolici per un minor rischio di danni alla salute per gli individui adulti. Nella maggior parte delle persone adulte il rispetto di tali limiti riduce la possibilit\u00e0 dell\u2019insorgere di gravi danni alla salute.<\/p>\n<h2>Limiti del consumo di alcolici per un minor rischio di danni alla salute<\/h2>\n<p><img loading=\"lazy\" decoding=\"async\" class=\"alignnone size-full wp-image-2139\" src=\"https:\/\/www.sopa.si\/\/wp-content\/uploads\/2020\/03\/consumtion-it.jpg\" alt=\"\" width=\"612\" height=\"495\" srcset=\"https:\/\/sopa.si\/wp-content\/uploads\/2020\/03\/consumtion-it.jpg 612w, https:\/\/sopa.si\/wp-content\/uploads\/2020\/03\/consumtion-it-300x243.jpg 300w\" sizes=\"auto, (max-width: 612px) 100vw, 612px\" \/><\/p>\n<p><strong>Perch\u00e9 prestare attenzione alla problematica del consumo eccessivo di alcolici?<\/strong><\/p>\n<p>Ogni giorno in Slovenia muoiono due persone per motivi legati esclusivamente al consumo eccessivo di alcolici. Ci\u00f2 significa che annualmente muoiono 650 persone, con un tasso di mortalit\u00e0 sopra la media europea. Inoltre, in Slovenia vengono ricoverate quotidianamente in ospedale dieci persone a causa di motivi riconducibili esclusivamente al consumo di alcol con una media annuale di 3876.[1]<\/p>\n<p>Dai dati delle ricerche sull\u2019uso di tabacco, alcol e droghe vietate (2015) si evince che in Slovenia il 43% degli abitanti tra i 25 e i 64 anni di et\u00e0 consuma alcolici oltre il limite previsto oppure si \u00e8 trovato nell\u2019ultimo anno in uno stato di forte ebbrezza.[2] In base ai risultati del Centro per la Prevenzione delle Malattie Croniche CINDI, nel 2016[3] \u00e8 in aumento in Slovenia la percentuale di persone che mensilmente si ubriacano almeno da una a tre volte o addirittura pi\u00f9 di tre volte, il che \u00e8 un dato allarmante.<\/p>\n<h2>Secondo i calcoli del NIJZ, il consumo di alcolici registrato in Slovenia raggiunge i 10,5 litri di alcol puro per abitante con pi\u00f9 di 15 anni d\u2019et\u00e0.<\/h2>\n<p>[1] Zorko, M., Ho\u010devar, T., Tan\u010di\u010d Grum, A., Petri\u010d, V.K., Rado\u0161 Krnel, S., Lovre\u010di\u010d, M., Lovre\u010di\u010d, B., <em>L\u2019alcol in Slovenia. Tendenze nel modo di bere, conseguenze per la salute del consumo nocivo di alcolici, opinioni degli attori in gioco e proposte di misure per una politica degli alcolici pi\u00f9 efficace.<\/em> Lubiana: NIJZ, 2014. V Ro\u0161kar, M. et al. <em>Politica degli alcolici in Slovenia. Opportunit\u00e0 per la riduzione dei danni e dei costi.<\/em> Lubiana: NIJZ, 2016.<\/p>\n<p>[2] Koprivnikar, H., Zorko, M., Drev, A., Hovnik Ker\u0161manc, M., Kvaternik, I., Macur, M. <em>Consumo di tabacco, alcol e droghe vietate tra gli abitanti della Slovenia: ineguaglianze e combinazioni di tale consumo.<\/em> Lubiana: NIJZ, 2015.<\/p>\n<p>[3] Vinko, M., Kofol Bric, T., Koro\u0161ec, A., Tom\u0161i\u010d, S., Vrdelja, M. <em>Come curiamo la nostra salute? Stile di vita degli abitanti della Slovenia in rapporto allo stato di salute del 2016.<\/em> Lubiana: NIJZ, 2018.<\/p>\n","protected":false},"excerpt":{"rendered":"<p>Che cos\u2019\u00e8 il consumo eccessivo, pericoloso e nocivo di alcolici? Il consumo eccessivo e pericoloso di alcolici \u00e8 un comportamento a causa del quale l\u2019individuo subisce un danno. Il consumo nocivo di alcolici \u00e8 un comportamento durante il quale il danno \u00e8 gi\u00e0 presente. Dove sono i limiti? Il consumo di bevande alcoliche influisce in [&hellip;]<\/p>\n","protected":false},"author":10,"featured_media":0,"parent":2132,"menu_order":1,"comment_status":"closed","ping_status":"closed","template":"","meta":{"_acf_changed":false,"footnotes":""},"class_list":["post-2127","page","type-page","status-publish","hentry"],"acf":[],"yoast_head":"<!-- This site is optimized with the Yoast SEO plugin v24.5 - https:\/\/yoast.com\/wordpress\/plugins\/seo\/ -->\n<title>Consumo di alcol &#187; Sopa<\/title>\n<meta name=\"robots\" content=\"index, follow, max-snippet:-1, max-image-preview:large, max-video-preview:-1\" \/>\n<link rel=\"canonical\" href=\"https:\/\/sopa.si\/it\/alcool\/consumo-di-alcol\/\" \/>\n<meta property=\"og:locale\" content=\"it_IT\" \/>\n<meta property=\"og:type\" content=\"article\" \/>\n<meta property=\"og:title\" content=\"Consumo di alcol &#187; Sopa\" \/>\n<meta property=\"og:description\" content=\"Che cos\u2019\u00e8 il consumo eccessivo, pericoloso e nocivo di alcolici? Il consumo eccessivo e pericoloso di alcolici \u00e8 un comportamento a causa del quale l\u2019individuo subisce un danno. Il consumo nocivo di alcolici \u00e8 un comportamento durante il quale il danno \u00e8 gi\u00e0 presente. Dove sono i limiti? Il consumo di bevande alcoliche influisce in [&hellip;]\" \/>\n<meta property=\"og:url\" content=\"https:\/\/sopa.si\/it\/alcool\/consumo-di-alcol\/\" \/>\n<meta property=\"og:site_name\" content=\"Sopa\" \/>\n<meta property=\"article:modified_time\" content=\"2020-03-23T12:56:53+00:00\" \/>\n<meta property=\"og:image\" content=\"https:\/\/www.sopa.si\/\/wp-content\/uploads\/2020\/03\/consumtion-it.jpg\" \/>\n<meta name=\"twitter:card\" content=\"summary_large_image\" \/>\n<meta name=\"twitter:label1\" content=\"Tempo di lettura stimato\" \/>\n\t<meta name=\"twitter:data1\" content=\"2 minuti\" \/>\n<script type=\"application\/ld+json\" class=\"yoast-schema-graph\">{\"@context\":\"https:\/\/schema.org\",\"@graph\":[{\"@type\":\"WebPage\",\"@id\":\"https:\/\/sopa.si\/it\/alcool\/consumo-di-alcol\/\",\"url\":\"https:\/\/sopa.si\/it\/alcool\/consumo-di-alcol\/\",\"name\":\"Consumo di alcol &#187; Sopa\",\"isPartOf\":{\"@id\":\"https:\/\/sopa.si\/it\/#website\"},\"primaryImageOfPage\":{\"@id\":\"https:\/\/sopa.si\/it\/alcool\/consumo-di-alcol\/#primaryimage\"},\"image\":{\"@id\":\"https:\/\/sopa.si\/it\/alcool\/consumo-di-alcol\/#primaryimage\"},\"thumbnailUrl\":\"https:\/\/www.sopa.si\/\/wp-content\/uploads\/2020\/03\/consumtion-it.jpg\",\"datePublished\":\"2020-03-23T12:37:49+00:00\",\"dateModified\":\"2020-03-23T12:56:53+00:00\",\"breadcrumb\":{\"@id\":\"https:\/\/sopa.si\/it\/alcool\/consumo-di-alcol\/#breadcrumb\"},\"inLanguage\":\"it-IT\",\"potentialAction\":[{\"@type\":\"ReadAction\",\"target\":[\"https:\/\/sopa.si\/it\/alcool\/consumo-di-alcol\/\"]}]},{\"@type\":\"ImageObject\",\"inLanguage\":\"it-IT\",\"@id\":\"https:\/\/sopa.si\/it\/alcool\/consumo-di-alcol\/#primaryimage\",\"url\":\"https:\/\/www.sopa.si\/\/wp-content\/uploads\/2020\/03\/consumtion-it.jpg\",\"contentUrl\":\"https:\/\/www.sopa.si\/\/wp-content\/uploads\/2020\/03\/consumtion-it.jpg\"},{\"@type\":\"BreadcrumbList\",\"@id\":\"https:\/\/sopa.si\/it\/alcool\/consumo-di-alcol\/#breadcrumb\",\"itemListElement\":[{\"@type\":\"ListItem\",\"position\":1,\"name\":\"Domov\",\"item\":\"https:\/\/sopa.si\/it\/\"},{\"@type\":\"ListItem\",\"position\":2,\"name\":\"Alcool\",\"item\":\"https:\/\/sopa.si\/it\/alcool\/\"},{\"@type\":\"ListItem\",\"position\":3,\"name\":\"Consumo di alcol\"}]},{\"@type\":\"WebSite\",\"@id\":\"https:\/\/sopa.si\/it\/#website\",\"url\":\"https:\/\/sopa.si\/it\/\",\"name\":\"Sopa\",\"description\":\"Just another WordPress site\",\"potentialAction\":[{\"@type\":\"SearchAction\",\"target\":{\"@type\":\"EntryPoint\",\"urlTemplate\":\"https:\/\/sopa.si\/it\/?s={search_term_string}\"},\"query-input\":{\"@type\":\"PropertyValueSpecification\",\"valueRequired\":true,\"valueName\":\"search_term_string\"}}],\"inLanguage\":\"it-IT\"}]}<\/script>\n<!-- \/ Yoast SEO plugin. -->","yoast_head_json":{"title":"Consumo di alcol &#187; Sopa","robots":{"index":"index","follow":"follow","max-snippet":"max-snippet:-1","max-image-preview":"max-image-preview:large","max-video-preview":"max-video-preview:-1"},"canonical":"https:\/\/sopa.si\/it\/alcool\/consumo-di-alcol\/","og_locale":"it_IT","og_type":"article","og_title":"Consumo di alcol &#187; Sopa","og_description":"Che cos\u2019\u00e8 il consumo eccessivo, pericoloso e nocivo di alcolici? Il consumo eccessivo e pericoloso di alcolici \u00e8 un comportamento a causa del quale l\u2019individuo subisce un danno. Il consumo nocivo di alcolici \u00e8 un comportamento durante il quale il danno \u00e8 gi\u00e0 presente. Dove sono i limiti? Il consumo di bevande alcoliche influisce in [&hellip;]","og_url":"https:\/\/sopa.si\/it\/alcool\/consumo-di-alcol\/","og_site_name":"Sopa","article_modified_time":"2020-03-23T12:56:53+00:00","og_image":[{"url":"https:\/\/www.sopa.si\/\/wp-content\/uploads\/2020\/03\/consumtion-it.jpg","type":"","width":"","height":""}],"twitter_card":"summary_large_image","twitter_misc":{"Tempo di lettura stimato":"2 minuti"},"schema":{"@context":"https:\/\/schema.org","@graph":[{"@type":"WebPage","@id":"https:\/\/sopa.si\/it\/alcool\/consumo-di-alcol\/","url":"https:\/\/sopa.si\/it\/alcool\/consumo-di-alcol\/","name":"Consumo di alcol &#187; Sopa","isPartOf":{"@id":"https:\/\/sopa.si\/it\/#website"},"primaryImageOfPage":{"@id":"https:\/\/sopa.si\/it\/alcool\/consumo-di-alcol\/#primaryimage"},"image":{"@id":"https:\/\/sopa.si\/it\/alcool\/consumo-di-alcol\/#primaryimage"},"thumbnailUrl":"https:\/\/www.sopa.si\/\/wp-content\/uploads\/2020\/03\/consumtion-it.jpg","datePublished":"2020-03-23T12:37:49+00:00","dateModified":"2020-03-23T12:56:53+00:00","breadcrumb":{"@id":"https:\/\/sopa.si\/it\/alcool\/consumo-di-alcol\/#breadcrumb"},"inLanguage":"it-IT","potentialAction":[{"@type":"ReadAction","target":["https:\/\/sopa.si\/it\/alcool\/consumo-di-alcol\/"]}]},{"@type":"ImageObject","inLanguage":"it-IT","@id":"https:\/\/sopa.si\/it\/alcool\/consumo-di-alcol\/#primaryimage","url":"https:\/\/www.sopa.si\/\/wp-content\/uploads\/2020\/03\/consumtion-it.jpg","contentUrl":"https:\/\/www.sopa.si\/\/wp-content\/uploads\/2020\/03\/consumtion-it.jpg"},{"@type":"BreadcrumbList","@id":"https:\/\/sopa.si\/it\/alcool\/consumo-di-alcol\/#breadcrumb","itemListElement":[{"@type":"ListItem","position":1,"name":"Domov","item":"https:\/\/sopa.si\/it\/"},{"@type":"ListItem","position":2,"name":"Alcool","item":"https:\/\/sopa.si\/it\/alcool\/"},{"@type":"ListItem","position":3,"name":"Consumo di alcol"}]},{"@type":"WebSite","@id":"https:\/\/sopa.si\/it\/#website","url":"https:\/\/sopa.si\/it\/","name":"Sopa","description":"Just another WordPress site","potentialAction":[{"@type":"SearchAction","target":{"@type":"EntryPoint","urlTemplate":"https:\/\/sopa.si\/it\/?s={search_term_string}"},"query-input":{"@type":"PropertyValueSpecification","valueRequired":true,"valueName":"search_term_string"}}],"inLanguage":"it-IT"}]}},"_links":{"self":[{"href":"https:\/\/sopa.si\/it\/wp-json\/wp\/v2\/pages\/2127","targetHints":{"allow":["GET"]}}],"collection":[{"href":"https:\/\/sopa.si\/it\/wp-json\/wp\/v2\/pages"}],"about":[{"href":"https:\/\/sopa.si\/it\/wp-json\/wp\/v2\/types\/page"}],"author":[{"embeddable":true,"href":"https:\/\/sopa.si\/it\/wp-json\/wp\/v2\/users\/10"}],"replies":[{"embeddable":true,"href":"https:\/\/sopa.si\/it\/wp-json\/wp\/v2\/comments?post=2127"}],"version-history":[{"count":2,"href":"https:\/\/sopa.si\/it\/wp-json\/wp\/v2\/pages\/2127\/revisions"}],"predecessor-version":[{"id":2143,"href":"https:\/\/sopa.si\/it\/wp-json\/wp\/v2\/pages\/2127\/revisions\/2143"}],"up":[{"embeddable":true,"href":"https:\/\/sopa.si\/it\/wp-json\/wp\/v2\/pages\/2132"}],"wp:attachment":[{"href":"https:\/\/sopa.si\/it\/wp-json\/wp\/v2\/media?parent=2127"}],"curies":[{"name":"wp","href":"https:\/\/api.w.org\/{rel}","templated":true}]}}